{"id":25785,"date":"2023-09-29T18:35:34","date_gmt":"2023-09-29T15:35:34","guid":{"rendered":"https:\/\/capetan.club\/?page_id=25785"},"modified":"2024-11-26T12:26:53","modified_gmt":"2024-11-26T10:26:53","slug":"cookies-policy","status":"publish","type":"page","link":"https:\/\/capetan.club\/fr\/cookies-policy\/","title":{"rendered":"Politique en mati\u00e8re de cookies"},"content":{"rendered":"<div data-elementor-type=\"wp-page\" data-elementor-id=\"25785\" class=\"elementor elementor-25785\" data-elementor-post-type=\"page\">\n\t\t\t\t\t\t<section data-particle_enable=\"false\" data-particle-mobile-disabled=\"false\" class=\"elementor-section elementor-top-section elementor-element elementor-element-02e0f5e elementor-section-boxed elementor-section-height-default elementor-section-height-default\" data-id=\"02e0f5e\" data-element_type=\"section\" data-e-type=\"section\">\n\t\t\t\t\t\t<div class=\"elementor-container elementor-column-gap-default\">\n\t\t\t\t\t<div class=\"elementor-column elementor-col-100 elementor-top-column elementor-element elementor-element-2dcc26c\" data-id=\"2dcc26c\" data-element_type=\"column\" data-e-type=\"column\">\n\t\t\t<div class=\"elementor-widget-wrap elementor-element-populated\">\n\t\t\t\t\t\t<div class=\"elementor-element elementor-element-bc5854c elementor-widget elementor-widget-spacer\" data-id=\"bc5854c\" data-element_type=\"widget\" data-e-type=\"widget\" data-widget_type=\"spacer.default\">\n\t\t\t\t<div class=\"elementor-widget-container\">\n\t\t\t\t\t\t\t<div class=\"elementor-spacer\">\n\t\t\t<div class=\"elementor-spacer-inner\"><\/div>\n\t\t<\/div>\n\t\t\t\t\t\t<\/div>\n\t\t\t\t<\/div>\n\t\t\t\t<div class=\"elementor-element elementor-element-f6eee3a elementor-widget elementor-widget-heading\" data-id=\"f6eee3a\" data-element_type=\"widget\" data-e-type=\"widget\" data-widget_type=\"heading.default\">\n\t\t\t\t<div class=\"elementor-widget-container\">\n\t\t\t\t\t<h2 class=\"elementor-heading-title elementor-size-default\">Politique en mati\u00e8re de cookies<\/h2>\t\t\t\t<\/div>\n\t\t\t\t<\/div>\n\t\t\t\t<div class=\"elementor-element elementor-element-de3c47a elementor-widget elementor-widget-text-editor\" data-id=\"de3c47a\" data-element_type=\"widget\" data-e-type=\"widget\" data-widget_type=\"text-editor.default\">\n\t\t\t\t<div class=\"elementor-widget-container\">\n\t\t\t\t\t\t\t\t\t<p>Les informations suivantes sont destin\u00e9es \u00e0 vous fournir plus de d\u00e9tails sur le placement, l'utilisation et la gestion des cookies utilis\u00e9s par le site web. <a href=\"https:\/\/www.sailarmada.com\">www.sailarmada.com<\/a> \/ <a href=\"https:\/\/capetan.club\/fr\">www.capetan.club<\/a> \/ <a href=\"https:\/\/www.capetancharter.com\">www.capetancharter.com<\/a> . Vous trouverez \u00e9galement des liens utiles sur ce sujet. Si vous avez besoin de plus d'informations et qu'elles ne figurent pas dans la liste ci-dessous, vous pouvez nous contacter \u00e0 l'adresse hello@sailarmada.com.<br \/>Ce site web est la propri\u00e9t\u00e9 de Sail Armada SRL, Calea Vitan 119 Bucarest, Roumanie et utilise des cookies pour offrir aux visiteurs une meilleure exp\u00e9rience de navigation et des services adapt\u00e9s \u00e0 leurs besoins et int\u00e9r\u00eats. Dans ce que nous appelons le \"web 2.0\", les \"cookies\" jouent un r\u00f4le important en facilitant l'acc\u00e8s et la fourniture des nombreux services dont les utilisateurs b\u00e9n\u00e9ficient sur Internet, tels que :<\/p><ul><li>la personnalisation de certains param\u00e8tres tels que : la langue de consultation d'un site, la devise dans laquelle certains prix ou tarifs sont exprim\u00e9s, la conservation d'options pour diff\u00e9rents produits (tailles, autres d\u00e9tails, etc.) dans le panier d'achat (et le stockage de ces options) - g\u00e9n\u00e9rant ainsi la flexibilit\u00e9 du \"panier d'achat\" (l'acc\u00e8s aux anciennes pr\u00e9f\u00e9rences en appuyant sur les boutons \"avant\" et \"arri\u00e8re\") ;<\/li><li>Les cookies fournissent aux propri\u00e9taires de sites des informations pr\u00e9cieuses sur l'utilisation de leurs sites, afin qu'ils puissent les rendre plus efficaces et plus accessibles aux utilisateurs ;<\/li><li>permettre d'inclure des applications multim\u00e9dias ou autres provenant d'autres sites sur un site particulier afin de cr\u00e9er une exp\u00e9rience de navigation plus pr\u00e9cieuse, plus utile et plus agr\u00e9able ;<\/li><li>am\u00e9liorer l'efficacit\u00e9 de la publicit\u00e9 en ligne.<\/li><\/ul><p>Qu'est-ce qu'un cookie ?<\/p><p>Un \"cookie Internet\" (\u00e9galement connu sous le nom de \"cookie de navigateur\", \"cookie HTTP\" ou simplement \"cookie\") est un petit fichier de lettres et de chiffres qui sera stock\u00e9 sur l'ordinateur, l'appareil mobile ou tout autre \u00e9quipement de l'utilisateur \u00e0 partir duquel il acc\u00e8de \u00e0 Internet.<br \/>Le cookie est install\u00e9 par une requ\u00eate \u00e9mise par un serveur web vers un navigateur (par exemple Internet Explorer, Chrome) et est totalement \"passif\" (il ne contient aucun logiciel, virus ou logiciel espion et ne peut pas acc\u00e9der aux informations sur le disque dur de l'utilisateur).<br \/>Un cookie se compose de deux parties : le nom et le contenu ou la valeur du cookie. En outre, la dur\u00e9e de vie d'un cookie est d\u00e9termin\u00e9e ; techniquement, seul le serveur web qui a envoy\u00e9 le cookie peut y acc\u00e9der \u00e0 nouveau lorsqu'un utilisateur revient sur le site web associ\u00e9 \u00e0 ce serveur web.<br \/>Les cookies eux-m\u00eames ne n\u00e9cessitent pas d'informations personnelles pour \u00eatre utilis\u00e9s et, dans la plupart des cas, n'identifient pas personnellement les utilisateurs d'Internet.<\/p><p>Il existe deux grandes cat\u00e9gories de cookies :<\/p><ul><li>Cookies de session : ils sont stock\u00e9s temporairement dans le dossier des cookies du navigateur web afin que celui-ci s'en souvienne jusqu'\u00e0 ce que l'utilisateur quitte le site web ou ferme la fen\u00eatre du navigateur (par exemple, lors de la connexion\/d\u00e9connexion d'un compte de messagerie web ou d'un r\u00e9seau social).<\/li><li>Les cookies persistants : ils sont stock\u00e9s sur le disque dur d'un ordinateur ou d'un appareil (et d\u00e9pendent g\u00e9n\u00e9ralement de la dur\u00e9e de vie par d\u00e9faut du cookie). Les cookies persistants comprennent \u00e9galement ceux plac\u00e9s par un site web autre que celui que l'utilisateur est en train de visiter - connus sous le nom de \"cookies tiers\" - qui peuvent \u00eatre utilis\u00e9s de mani\u00e8re anonyme pour m\u00e9moriser les int\u00e9r\u00eats d'un utilisateur afin de lui fournir la publicit\u00e9 la plus pertinente.<\/li><\/ul><p>Quels sont les avantages des cookies ?<\/p><p>Un cookie contient des informations qui relient un navigateur web (l'utilisateur) \u00e0 un serveur web sp\u00e9cifique (le site web). Si un navigateur acc\u00e8de \u00e0 nouveau \u00e0 ce serveur web, il peut lire les informations d\u00e9j\u00e0 stock\u00e9es et r\u00e9agir en cons\u00e9quence. Les cookies offrent aux utilisateurs une exp\u00e9rience de navigation agr\u00e9able et soutiennent les efforts de nombreux sites web pour fournir des services pratiques aux utilisateurs : par exemple, les pr\u00e9f\u00e9rences en mati\u00e8re de confidentialit\u00e9 en ligne, les options linguistiques du site, les paniers d'achat ou la publicit\u00e9 pertinente.<\/p><p>Quelle est la dur\u00e9e de vie d'un cookie ?<\/p><p>Les cookies sont g\u00e9r\u00e9s par les serveurs web. La dur\u00e9e de vie d'un cookie peut varier consid\u00e9rablement en fonction de l'objectif pour lequel il est plac\u00e9. Certains cookies sont utilis\u00e9s exclusivement pour une seule session (cookies de session) et ne sont plus conserv\u00e9s une fois que l'utilisateur a quitt\u00e9 le site web, tandis que d'autres sont conserv\u00e9s et r\u00e9utilis\u00e9s chaque fois que l'utilisateur revient sur ce site web (\"cookies permanents\"). Toutefois, les cookies peuvent \u00eatre supprim\u00e9s par l'utilisateur \u00e0 tout moment via les param\u00e8tres du navigateur.<\/p><p>Qu'est-ce qu'un cookie de tiers ?<\/p><p>Certaines parties du contenu de certains sites peuvent \u00eatre fournies par des tiers\/fournisseurs (par exemple, un encadr\u00e9 d'information, une vid\u00e9o ou une publicit\u00e9). Ces tiers peuvent \u00e9galement placer des cookies sur le site. Ils sont appel\u00e9s \"cookies de tiers\" parce qu'ils ne sont pas plac\u00e9s par le propri\u00e9taire du site. Les fournisseurs tiers doivent \u00e9galement se conformer \u00e0 la l\u00e9gislation applicable et aux politiques de confidentialit\u00e9 du propri\u00e9taire du site.<\/p><p>Comment les cookies sont utilis\u00e9s par ce site<\/p><p>Une visite sur ce site peut placer des cookies dans le but de personnaliser chaque site :<\/p><ul><li>Cookies de performance du site<\/li><li>Cookies d'analyse des visiteurs<\/li><li>Cookies pour le g\u00e9o-ciblage<\/li><li>Cookies d'enregistrement<\/li><li>Cookies publicitaires<\/li><\/ul><p>Ces cookies peuvent provenir des tiers suivants :<\/p><ol><li>Cookies de performance<\/li><\/ol><p>Ce type de cookie conserve les pr\u00e9f\u00e9rences de l'utilisateur sur ce site, de sorte qu'il n'est pas n\u00e9cessaire de les d\u00e9finir \u00e0 chaque visite. Exemples : - param\u00e8tres de volume du lecteur vid\u00e9o - vitesse de diffusion vid\u00e9o compatible avec le navigateur Cookies d'analyse des visiteurs Chaque fois qu'un utilisateur visite ce site, un logiciel d'analyse fourni par un tiers g\u00e9n\u00e8re un cookie d'analyse de l'utilisateur. Ce cookie nous indique si vous avez d\u00e9j\u00e0 visit\u00e9 ce site. Votre navigateur nous dira si vous avez ce cookie, et si ce n'est pas le cas, nous en g\u00e9n\u00e9rerons un. Il nous permet de suivre les utilisateurs uniques qui nous visitent et la fr\u00e9quence de leurs visites. Tant que vous n'\u00eates pas enregistr\u00e9 sur ce site, ce cookie ne peut pas \u00eatre utilis\u00e9 pour identifier des individus, il est uniquement utilis\u00e9 \u00e0 des fins statistiques. Si vous \u00eates inscrit, nous pouvons \u00e9galement conna\u00eetre les d\u00e9tails que vous nous avez fournis, tels que votre adresse \u00e9lectronique et votre nom d'utilisateur - ceux-ci sont soumis \u00e0 la l\u00e9gislation en vigueur en mati\u00e8re de protection de la vie priv\u00e9e et des donn\u00e9es.<\/p><ol start=\"2\"><li>Cookies pour le g\u00e9o-ciblage<\/li><\/ol><p>Ces cookies sont utilis\u00e9s par un logiciel qui d\u00e9termine le pays d'o\u00f9 vous venez. Ils sont totalement anonymes et ne sont utilis\u00e9s que pour cibler le contenu.<\/p><ol start=\"3\"><li>Cookies pour l'enregistrement<\/li><\/ol><p>Lorsque vous vous inscrivez sur ce site, nous g\u00e9n\u00e9rons un cookie qui nous indique si vous \u00eates inscrit ou non. Nos serveurs utilisent ces cookies pour nous montrer avec quel compte vous \u00eates enregistr\u00e9 et si vous avez l'autorisation d'utiliser un service particulier.<\/p><ol start=\"4\"><li>Cookies publicitaires<\/li><\/ol><p>Ces cookies nous permettent de savoir si vous avez vu ou non une publicit\u00e9 en ligne, de quel type de publicit\u00e9 il s'agit et combien de temps s'est \u00e9coul\u00e9 depuis que vous avez vu la publicit\u00e9. Nous utilisons \u00e9galement ces cookies pour cibler la publicit\u00e9 en ligne. Nous pouvons \u00e9galement utiliser des cookies appartenant \u00e0 un tiers pour mieux cibler les publicit\u00e9s, afin d'afficher, par exemple, des publicit\u00e9s de vacances si l'utilisateur a r\u00e9cemment visit\u00e9 un article sur le site concernant les vacances. Ces cookies sont anonymes, ils stockent des informations sur le contenu consult\u00e9 et non sur les utilisateurs. Nous installons \u00e9galement des cookies anonymes par l'interm\u00e9diaire d'autres sites sur lesquels nous faisons de la publicit\u00e9. En les recevant, nous pouvons alors les utiliser pour vous reconna\u00eetre en tant que visiteur de ce site. Si vous visitez ensuite notre site, nous serons en mesure de vous proposer de la publicit\u00e9 sur la base de ces informations.<\/p><ol start=\"5\"><li>Autres cookies de tiers<\/li><\/ol><p>Sur certaines pages, des tiers peuvent placer leurs propres cookies anonymes afin de suivre le succ\u00e8s d'une application ou de personnaliser une application. En raison du mode d'utilisation, ce site ne peut pas acc\u00e9der \u00e0 ces cookies, de m\u00eame que les tiers ne peuvent pas acc\u00e9der aux cookies d\u00e9tenus par ce site. Par exemple, lorsque vous partagez un article en utilisant le bouton du r\u00e9seau social sur ce site, ce r\u00e9seau social enregistrera votre activit\u00e9.<\/p><p>Comment arr\u00eater les cookies ?<\/p><p>La d\u00e9sactivation et le refus des cookies peuvent rendre certains sites inutilisables ou difficiles \u00e0 visiter et \u00e0 utiliser. En outre, le fait de refuser les cookies ne signifie pas que vous ne recevrez plus\/ne verrez plus de publicit\u00e9 en ligne.<\/p><p>Il est possible de configurer votre navigateur pour qu'il n'accepte plus les cookies ou pour qu'il accepte les cookies provenant d'un site sp\u00e9cifique. Mais, par exemple, si vous n'\u00eates pas enregistr\u00e9 \u00e0 l'aide de cookies, vous ne pourrez pas laisser de commentaires. Tous les navigateurs modernes offrent la possibilit\u00e9 de modifier les param\u00e8tres des cookies. Ces param\u00e8tres se trouvent g\u00e9n\u00e9ralement dans le menu \"options\" ou \"pr\u00e9f\u00e9rences\" de votre navigateur. Pour comprendre ces param\u00e8tres, les liens suivants peuvent \u00eatre utiles, sinon vous pouvez utiliser l'option \"aide\" de votre navigateur pour plus de d\u00e9tails :<\/p><ul><li><a href=\"https:\/\/support.microsoft.com\/en-us\/windows\/manage-cookies-in-microsoft-edge-view-allow-block-delete-and-use-168dab11-0753-043d-7c16-ede5947fc64d\">Param\u00e8tres des cookies dans Internet Explorer<\/a><\/li><li><a href=\"https:\/\/support.mozilla.org\/en-US\/kb\/cookies-information-websites-store-on-your-computer?redirectlocale=en-US&amp;redirectslug=Cookies\">Param\u00e8tres des cookies dans Firefox<\/a><\/li><li><a href=\"https:\/\/support.google.com\/chrome\/bin\/answer.py?hl=en&amp;answer=95647\">Param\u00e8tres des cookies dans Chrome<\/a><\/li><li><a href=\"http:\/\/support.apple.com\/kb\/PH5042\">Param\u00e8tres des cookies dans Safari<\/a><\/li><\/ul><p>Pour la configuration des cookies de tiers, vous pouvez \u00e9galement consulter le site web : https:\/\/www.youronlinechoices.com\/ro\/.<\/p><p>Liens utiles<\/p><p>Si vous souhaitez en savoir plus sur les cookies et leur utilisation, nous vous recommandons les liens suivants :<\/p><p>Il est possible de configurer votre navigateur pour qu'il n'accepte plus les cookies ou pour qu'il accepte les cookies provenant d'un site sp\u00e9cifique. Mais, par exemple, si vous n'\u00eates pas enregistr\u00e9 \u00e0 l'aide de cookies, vous ne pourrez pas laisser de commentaires. Tous les navigateurs modernes offrent la possibilit\u00e9 de modifier les param\u00e8tres des cookies. Ces param\u00e8tres se trouvent g\u00e9n\u00e9ralement dans le menu \"options\" ou \"pr\u00e9f\u00e9rences\" de votre navigateur. Pour comprendre ces param\u00e8tres, les liens suivants peuvent \u00eatre utiles, sinon vous pouvez utiliser l'option \"aide\" de votre navigateur pour plus de d\u00e9tails :<\/p><ul><li><a href=\"https:\/\/www.microsoft.com\/info\/cookies.mspx\">Guide des cookies Microsoft<\/a><\/li><li><a href=\"https:\/\/www.allaboutcookies.org\/\">Tout sur les cookies<\/a><\/li><\/ul><p>L'IAB Roumanie propose le site web suivant pour fournir plus d'informations sur la protection de la vie priv\u00e9e dans le cadre de la publicit\u00e9 en ligne :\u00a0<a href=\"http:\/\/www.youronlinechoices.com\/ro\/\">https:\/\/www.youronlinechoices.com\/ro\/.<\/a><\/p><p>Ce site utilise des cookies. Nous utilisons des cookies pour personnaliser le contenu et les publicit\u00e9s, fournir des fonctions de r\u00e9seau social et analyser le trafic. Nous fournissons \u00e9galement \u00e0 nos partenaires de r\u00e9seaux sociaux, de publicit\u00e9 et d'analyse des informations sur la fa\u00e7on dont vous utilisez notre site. Ils peuvent les combiner avec d'autres informations que vous fournissez ou que vous recueillez lors de votre utilisation de leurs services. Si vous choisissez de continuer \u00e0 utiliser notre site web, vous consentez \u00e0 ce que nous utilisions des cookies.<\/p><p>Les cookies sont de petits fichiers texte qui peuvent \u00eatre utilis\u00e9s par les sites web pour rendre leur utilisation plus efficace.<\/p><p>La loi stipule que nous pouvons stocker des cookies sur votre appareil s'ils sont strictement n\u00e9cessaires au fonctionnement de ce site web. Pour tous les autres types de cookies, nous avons besoin de votre autorisation.<\/p><p>Ce site utilise diff\u00e9rents types de cookies. Certains cookies sont plac\u00e9s par des services tiers qui apparaissent sur nos pages.<\/p><p>Vous pouvez, \u00e0 tout moment, modifier ou retirer votre consentement \u00e0 la d\u00e9claration relative aux cookies sur notre site web.<\/p><p>Pour en savoir plus sur qui nous sommes, comment vous pouvez nous contacter et comment nous traitons les donn\u00e9es personnelles, consultez notre politique de confidentialit\u00e9.<\/p><p>Votre consentement s'applique aux domaines suivants : <a href=\"https:\/\/www.sailarmada.com\">www.sailarmada.com<\/a> \/ <a href=\"https:\/\/capetan.club\/fr\">www.capetan.club<\/a> \/ <a href=\"https:\/\/www.capetancharter.com\">www.capetancharter.com<\/a><\/p>\t\t\t\t\t\t\t\t<\/div>\n\t\t\t\t<\/div>\n\t\t\t\t<div class=\"elementor-element elementor-element-1435fa1 elementor-widget elementor-widget-spacer\" data-id=\"1435fa1\" data-element_type=\"widget\" data-e-type=\"widget\" data-widget_type=\"spacer.default\">\n\t\t\t\t<div class=\"elementor-widget-container\">\n\t\t\t\t\t\t\t<div class=\"elementor-spacer\">\n\t\t\t<div class=\"elementor-spacer-inner\"><\/div>\n\t\t<\/div>\n\t\t\t\t\t\t<\/div>\n\t\t\t\t<\/div>\n\t\t\t\t\t<\/div>\n\t\t<\/div>\n\t\t\t\t\t<\/div>\n\t\t<\/section>\n\t\t\t\t<\/div>","protected":false},"excerpt":{"rendered":"<p>Politica cookies Informatiile prezentate in continuare au scopul de a va aduce la cunostinta mai multe detalii despre plasarea, utilizarea si administrarea &#8222;cookie&#8221;-urilor utilizate de site-ul www.sailarmada.com \/ www.capetan.club \/ [&hellip;]<\/p>\n","protected":false},"author":2,"featured_media":0,"parent":0,"menu_order":0,"comment_status":"closed","ping_status":"closed","template":"","meta":{"_eb_attr":"","inline_featured_image":false,"footnotes":""},"class_list":["post-25785","page","type-page","status-publish","hentry"],"yoast_head":"<!-- This site is optimized with the Yoast SEO Premium plugin v20.3 (Yoast SEO v26.9) - https:\/\/yoast.com\/product\/yoast-seo-premium-wordpress\/ -->\n<title>Cookies Policy - Capetan Club<\/title>\n<meta name=\"robots\" content=\"index, follow, max-snippet:-1, max-image-preview:large, max-video-preview:-1\" \/>\n<link rel=\"canonical\" href=\"https:\/\/capetan.club\/fr\/cookies-policy\/\" \/>\n<meta property=\"og:locale\" content=\"fr_FR\" \/>\n<meta property=\"og:type\" content=\"article\" \/>\n<meta property=\"og:title\" content=\"Cookies Policy\" \/>\n<meta property=\"og:description\" content=\"Politica cookies Informatiile prezentate in continuare au scopul de a va aduce la cunostinta mai multe detalii despre plasarea, utilizarea si administrarea &#8222;cookie&#8221;-urilor utilizate de site-ul www.sailarmada.com \/ www.capetan.club \/ [&hellip;]\" \/>\n<meta property=\"og:url\" content=\"https:\/\/capetan.club\/fr\/cookies-policy\/\" \/>\n<meta property=\"og:site_name\" content=\"Capetan Club\" \/>\n<meta property=\"article:publisher\" content=\"https:\/\/facebook.com\/capetan.club\" \/>\n<meta property=\"article:modified_time\" content=\"2024-11-26T10:26:53+00:00\" \/>\n<meta name=\"twitter:card\" content=\"summary_large_image\" \/>\n<meta name=\"twitter:label1\" content=\"Dur\u00e9e de lecture estim\u00e9e\" \/>\n\t<meta name=\"twitter:data1\" content=\"9 minutes\" \/>\n<script type=\"application\/ld+json\" class=\"yoast-schema-graph\">{\"@context\":\"https:\/\/schema.org\",\"@graph\":[{\"@type\":\"WebPage\",\"@id\":\"https:\/\/capetan.club\/cookies-policy\/\",\"url\":\"https:\/\/capetan.club\/cookies-policy\/\",\"name\":\"Cookies Policy - Capetan Club\",\"isPartOf\":{\"@id\":\"https:\/\/capetan.club\/el\/#website\"},\"datePublished\":\"2023-09-29T15:35:34+00:00\",\"dateModified\":\"2024-11-26T10:26:53+00:00\",\"breadcrumb\":{\"@id\":\"https:\/\/capetan.club\/cookies-policy\/#breadcrumb\"},\"inLanguage\":\"fr-FR\",\"potentialAction\":[{\"@type\":\"ReadAction\",\"target\":[\"https:\/\/capetan.club\/cookies-policy\/\"]}]},{\"@type\":\"BreadcrumbList\",\"@id\":\"https:\/\/capetan.club\/cookies-policy\/#breadcrumb\",\"itemListElement\":[{\"@type\":\"ListItem\",\"position\":1,\"name\":\"Home\",\"item\":\"https:\/\/capetan.club\/\"},{\"@type\":\"ListItem\",\"position\":2,\"name\":\"Cookies Policy\"}]},{\"@type\":\"WebSite\",\"@id\":\"https:\/\/capetan.club\/el\/#website\",\"url\":\"https:\/\/capetan.club\/el\/\",\"name\":\"Capetan Club\",\"description\":\"Skipers&#039; Elite\",\"publisher\":{\"@id\":\"https:\/\/capetan.club\/el\/#organization\"},\"potentialAction\":[{\"@type\":\"SearchAction\",\"target\":{\"@type\":\"EntryPoint\",\"urlTemplate\":\"https:\/\/capetan.club\/el\/?s={search_term_string}\"},\"query-input\":{\"@type\":\"PropertyValueSpecification\",\"valueRequired\":true,\"valueName\":\"search_term_string\"}}],\"inLanguage\":\"fr-FR\"},{\"@type\":\"Organization\",\"@id\":\"https:\/\/capetan.club\/el\/#organization\",\"name\":\"Capetan\",\"url\":\"https:\/\/capetan.club\/el\/\",\"logo\":{\"@type\":\"ImageObject\",\"inLanguage\":\"fr-FR\",\"@id\":\"https:\/\/capetan.club\/el\/#\/schema\/logo\/image\/\",\"url\":\"https:\/\/capetan.club\/wp-content\/uploads\/2022\/03\/Badge.png\",\"contentUrl\":\"https:\/\/capetan.club\/wp-content\/uploads\/2022\/03\/Badge.png\",\"width\":282,\"height\":282,\"caption\":\"Capetan\"},\"image\":{\"@id\":\"https:\/\/capetan.club\/el\/#\/schema\/logo\/image\/\"},\"sameAs\":[\"https:\/\/facebook.com\/capetan.club\",\"https:\/\/www.instagram.com\/capetan.club\/\"]}]}<\/script>\n<!-- \/ Yoast SEO Premium plugin. -->","yoast_head_json":{"title":"Politique en mati\u00e8re de cookies - Capetan Club","robots":{"index":"index","follow":"follow","max-snippet":"max-snippet:-1","max-image-preview":"max-image-preview:large","max-video-preview":"max-video-preview:-1"},"canonical":"https:\/\/capetan.club\/fr\/cookies-policy\/","og_locale":"fr_FR","og_type":"article","og_title":"Cookies Policy","og_description":"Politica cookies Informatiile prezentate in continuare au scopul de a va aduce la cunostinta mai multe detalii despre plasarea, utilizarea si administrarea &#8222;cookie&#8221;-urilor utilizate de site-ul www.sailarmada.com \/ www.capetan.club \/ [&hellip;]","og_url":"https:\/\/capetan.club\/fr\/cookies-policy\/","og_site_name":"Capetan Club","article_publisher":"https:\/\/facebook.com\/capetan.club","article_modified_time":"2024-11-26T10:26:53+00:00","twitter_card":"summary_large_image","twitter_misc":{"Dur\u00e9e de lecture estim\u00e9e":"9 minutes"},"schema":{"@context":"https:\/\/schema.org","@graph":[{"@type":"WebPage","@id":"https:\/\/capetan.club\/cookies-policy\/","url":"https:\/\/capetan.club\/cookies-policy\/","name":"Politique en mati\u00e8re de cookies - Capetan Club","isPartOf":{"@id":"https:\/\/capetan.club\/el\/#website"},"datePublished":"2023-09-29T15:35:34+00:00","dateModified":"2024-11-26T10:26:53+00:00","breadcrumb":{"@id":"https:\/\/capetan.club\/cookies-policy\/#breadcrumb"},"inLanguage":"fr-FR","potentialAction":[{"@type":"ReadAction","target":["https:\/\/capetan.club\/cookies-policy\/"]}]},{"@type":"BreadcrumbList","@id":"https:\/\/capetan.club\/cookies-policy\/#breadcrumb","itemListElement":[{"@type":"ListItem","position":1,"name":"Home","item":"https:\/\/capetan.club\/"},{"@type":"ListItem","position":2,"name":"Cookies Policy"}]},{"@type":"WebSite","@id":"https:\/\/capetan.club\/el\/#website","url":"https:\/\/capetan.club\/el\/","name":"Club du Capetan","description":"Skipers&amp;#039 ; Elite","publisher":{"@id":"https:\/\/capetan.club\/el\/#organization"},"potentialAction":[{"@type":"SearchAction","target":{"@type":"EntryPoint","urlTemplate":"https:\/\/capetan.club\/el\/?s={search_term_string}"},"query-input":{"@type":"PropertyValueSpecification","valueRequired":true,"valueName":"search_term_string"}}],"inLanguage":"fr-FR"},{"@type":"Organization","@id":"https:\/\/capetan.club\/el\/#organization","name":"Capetan","url":"https:\/\/capetan.club\/el\/","logo":{"@type":"ImageObject","inLanguage":"fr-FR","@id":"https:\/\/capetan.club\/el\/#\/schema\/logo\/image\/","url":"https:\/\/capetan.club\/wp-content\/uploads\/2022\/03\/Badge.png","contentUrl":"https:\/\/capetan.club\/wp-content\/uploads\/2022\/03\/Badge.png","width":282,"height":282,"caption":"Capetan"},"image":{"@id":"https:\/\/capetan.club\/el\/#\/schema\/logo\/image\/"},"sameAs":["https:\/\/facebook.com\/capetan.club","https:\/\/www.instagram.com\/capetan.club\/"]}]}},"_links":{"self":[{"href":"https:\/\/capetan.club\/fr\/wp-json\/wp\/v2\/pages\/25785","targetHints":{"allow":["GET"]}}],"collection":[{"href":"https:\/\/capetan.club\/fr\/wp-json\/wp\/v2\/pages"}],"about":[{"href":"https:\/\/capetan.club\/fr\/wp-json\/wp\/v2\/types\/page"}],"author":[{"embeddable":true,"href":"https:\/\/capetan.club\/fr\/wp-json\/wp\/v2\/users\/2"}],"replies":[{"embeddable":true,"href":"https:\/\/capetan.club\/fr\/wp-json\/wp\/v2\/comments?post=25785"}],"version-history":[{"count":0,"href":"https:\/\/capetan.club\/fr\/wp-json\/wp\/v2\/pages\/25785\/revisions"}],"wp:attachment":[{"href":"https:\/\/capetan.club\/fr\/wp-json\/wp\/v2\/media?parent=25785"}],"curies":[{"name":"wp","href":"https:\/\/api.w.org\/{rel}","templated":true}]}}