{"id":20263,"date":"2019-10-25T12:44:36","date_gmt":"2019-10-25T12:44:36","guid":{"rendered":"https:\/\/bridge285.qodeinteractive.com\/?page_id=3"},"modified":"2023-03-23T23:15:35","modified_gmt":"2023-03-23T21:15:35","slug":"privacy-policy","status":"publish","type":"page","link":"https:\/\/capetan.club\/fr\/privacy-policy\/","title":{"rendered":"Politique de confidentialit\u00e9"},"content":{"rendered":"<p>SAIL ARMADA - POLITIQUE DE CONFIDENTIALIT\u00c9<br>Le nom \"Sail Armada\" fera r\u00e9f\u00e9rence \u00e0 la fois \u00e0 la soci\u00e9t\u00e9 Sail Armada SRL et \u00e0 ses marques Capetan.club et capetancharter.com. Sail Armada SRL est enregistr\u00e9e en Roumanie sous le num\u00e9ro de soci\u00e9t\u00e9 CUI : 43792745, EUID : ROONRC J40\/3275\/2021. Nous nous engageons \u00e0 respecter votre vie priv\u00e9e et \u00e0 assurer la s\u00e9curit\u00e9 de vos informations personnelles. Cet avis de confidentialit\u00e9 vous explique ce \u00e0 quoi vous devez vous attendre lorsque Sail Armada collecte des informations personnelles et couvre toutes les donn\u00e9es personnelles qui sont collect\u00e9es. En particulier, elle vous indique comment nous utilisons vos informations.<\/p>\n\n\n\n<h3 class=\"wp-block-heading\" id=\"ui-id-1\">Qui collecte vos donn\u00e9es<\/h3>\n\n\n\n<p>L'op\u00e9rateur qui collecte vos donn\u00e9es personnelles est Sail Armada S.R.L., dont le si\u00e8ge social est situ\u00e9 au 119, rue Calea Vitan, mun. Bucarest, enregistr\u00e9e au registre du commerce sous le num\u00e9ro J40\/3275\/2021, avec CUI RO43792745, titulaire de la licence de tourisme n\u00b0 2418\/21.05.2021.<\/p>\n\n\n\n<h3 class=\"wp-block-heading\" id=\"ui-id-3\">Quelles sont les donn\u00e9es personnelles que nous collectons<\/h3>\n\n\n\n<p>La politique de Sail Armada S.R.L. en mati\u00e8re de protection et de s\u00e9curit\u00e9 des donn\u00e9es personnelles consiste \u00e0 ne recueillir que les donn\u00e9es personnelles n\u00e9cessaires aux fins mentionn\u00e9es et \u00e0 demander aux personnes concern\u00e9es de ne nous communiquer que les donn\u00e9es personnelles strictement n\u00e9cessaires \u00e0 l'accomplissement de ces fins. Les cat\u00e9gories de donn\u00e9es personnelles (classiques ou num\u00e9riques) faisant l'objet d'un traitement au niveau de Sail Armada S.R.L. sont les suivantes : nom et pr\u00e9nom, signature, photos\/vid\u00e9os, coordonn\u00e9es : num\u00e9ro de t\u00e9l\u00e9phone personnel\/professionnel, adresse \u00e9lectronique, s\u00e9rie et num\u00e9ro de CI\/BI, nationalit\u00e9, num\u00e9ro de passeport, date de naissance, ville de r\u00e9sidence, allergies alimentaires, conditions m\u00e9dicales particuli\u00e8res, intol\u00e9rances alimentaires, donn\u00e9es sur les exp\u00e9riences de navigation ant\u00e9rieures et\/ou les permis de navigation d\u00e9tenus.<\/p>\n\n\n\n<h3 class=\"wp-block-heading\" id=\"ui-id-5\">Comment vos donn\u00e9es sont collect\u00e9es<\/h3>\n\n\n\n<p>Ces donn\u00e9es sont demand\u00e9es dans plusieurs circonstances, \u00e0 savoir : -lorsque vous utilisez la section \"Contactez-nous\" du site web -lorsque vous utilisez le CHAT disponible sur le site web, en ligne ou hors ligne -lorsque vous effectuez une demande, une r\u00e9servation ou un achat de service sur notre site web ou par l'interm\u00e9diaire de notre \u00e9quipe -lorsque vous vous inscrivez au service de newsletter ou \u00e0 divers concours et promotions -lorsque vous acceptez de participer aux diff\u00e9rents questionnaires lanc\u00e9s par Sail Armada, en tant qu'op\u00e9rateur du site www.lorsque vous acc\u00e9dez \u00e0 des canaux de communication sociale (Attention : dans ces cas, l'entreprise n'est pas responsable des informations personnelles ainsi sp\u00e9cifi\u00e9es, le canal \u00e9tant un canal de communication public) -les informations re\u00e7ues de tiers, \u00e0 savoir les soci\u00e9t\u00e9s du groupe, les soci\u00e9t\u00e9s affili\u00e9es, les partenaires commerciaux ou les personnes qui ach\u00e8tent nos services en votre nom.<\/p>\n\n\n\n<h3 class=\"wp-block-heading\" id=\"ui-id-7\">Prestataires de services<\/h3>\n\n\n\n<p>Nous pouvons faire appel \u00e0 des prestataires de services (tels que des soci\u00e9t\u00e9s de publipostage, des vendeurs de marketing et des fournisseurs de plateformes logicielles) pour nous aider \u00e0 vous fournir nos services. Nous pouvons accorder aux personnes concern\u00e9es au sein de ces prestataires de services l'acc\u00e8s \u00e0 vos informations personnelles, mais uniquement pour leur permettre d'ex\u00e9cuter leurs services pour nous. Certains prestataires de services peuvent \u00eatre bas\u00e9s en dehors de l'Espace \u00e9conomique europ\u00e9en (EEE) ; cependant, nous nous efforcerons de garantir que tout transfert de donn\u00e9es en dehors de l'EEE est effectu\u00e9 conform\u00e9ment \u00e0 la l\u00e9gislation pertinente en mati\u00e8re de protection des donn\u00e9es et que le traitement de vos donn\u00e9es est soumis \u00e0 des mesures de s\u00e9curit\u00e9 appropri\u00e9es. \u00c9tant donn\u00e9 que l'infrastructure Internet est mondiale et qu'il n'est pas possible de pr\u00e9voir les routes que prendront les informations que vous soumettez, il est possible que les informations que vous fournissez soient temporairement transf\u00e9r\u00e9es par une route qui les m\u00e8ne en dehors de l'Espace \u00e9conomique europ\u00e9en. En soumettant vos informations, vous consentez \u00e0 ce transfert.<\/p>\n\n\n\n<h3 class=\"wp-block-heading\" id=\"ui-id-9\">Exigences l\u00e9gales<\/h3>\n\n\n\n<p>Nous pouvons divulguer vos informations personnelles lorsque la loi l'exige, par exemple, \u00e0 des fins fiscales ou \u00e0 des organismes charg\u00e9s de l'application de la loi pour la pr\u00e9vention ou la d\u00e9tection de crimes. En cas d'attaque illicite de la base de donn\u00e9es de ce site web ou de la ou des bases de donn\u00e9es de l'un de nos sous-traitants tiers, nous signalerons l'attaque \u00e0 toutes les autorit\u00e9s comp\u00e9tentes dans les 72 heures suivant son apparition s'il appara\u00eet que des donn\u00e9es personnelles stock\u00e9es de mani\u00e8re identifiable ont \u00e9t\u00e9 vol\u00e9es.<\/p>\n\n\n\n<h3 class=\"wp-block-heading\" id=\"ui-id-11\">Comment nous utilisons vos donn\u00e9es<\/h3>\n\n\n\n<p>Le traitement de vos donn\u00e9es personnelles est n\u00e9cessaire : -pour vous fournir un service de qualit\u00e9 et vous aider \u00e0 utiliser au mieux les ressources de notre site web -pour ex\u00e9cuter un contrat auquel vous \u00eates partie ou pour prendre des mesures \u00e0 votre demande avant la conclusion d'un contrat, conform\u00e9ment \u00e0 l'article 6 para. 1 lettre b) du GDPR ; -A des fins de nos int\u00e9r\u00eats l\u00e9gitimes ou de ceux d'un tiers, \u00e0 moins que ne pr\u00e9valent vos int\u00e9r\u00eats ou vos droits et libert\u00e9s fondamentaux, qui exigent la protection des donn\u00e9es \u00e0 caract\u00e8re personnel, en particulier lorsque la personne concern\u00e9e est un enfant ; -A des fins de relations publiques\/promotion\/diffusion\/couverture m\u00e9diatique de l'activit\u00e9 actuelle de l'organisation, Sail Armada S.R.L. demandera votre consentement conform\u00e9ment \u00e0 l'art. 6 para. 1 lettre a) du GDPR. Si vous ne consentez pas \u00e0 la fourniture de donn\u00e9es personnelles, Sail Armada S.R.L. ne traitera pas vos donn\u00e9es personnelles ; - En ce qui concerne la cat\u00e9gorie particuli\u00e8re de donn\u00e9es personnelles (allergies, conditions m\u00e9dicales particuli\u00e8res, intol\u00e9rances) \u00e0 des fins li\u00e9es \u00e0 la m\u00e9decine pr\u00e9ventive, \u00e0 l'\u00e9tablissement d'un diagnostic m\u00e9dical, \u00e0 la fourniture d'une assistance m\u00e9dicale ou d'un traitement m\u00e9dical, Sail Armada S.R.L. traitera vos donn\u00e9es conform\u00e9ment aux dispositions de l'art. 9 para. 2(b) du GDPR.<\/p>\n\n\n\n<h3 class=\"wp-block-heading\" id=\"ui-id-13\">Communications marketing<\/h3>\n\n\n\n<p>Si vous y consentez, nous pouvons utiliser vos donn\u00e9es personnelles pour vous envoyer des communications marketing en rapport avec les activit\u00e9s et services marketing suivants : - Informations sur les actualit\u00e9s, les produits et autres services - Occasionnellement, nous pouvons envoyer des publicit\u00e9s pour des biens ou services de soci\u00e9t\u00e9s tierces. Nous ne partageons pas vos informations personnelles avec ces soci\u00e9t\u00e9s tierces. Vous pouvez d\u00e9cider si vous souhaitez recevoir ces informations et mettre \u00e0 jour vos pr\u00e9f\u00e9rences en mati\u00e8re de marketing \u00e0 tout moment. De temps \u00e0 autre, nous vous contacterons \u00e9galement pour mettre \u00e0 jour vos pr\u00e9f\u00e9rences en mati\u00e8re de communication.<\/p>\n\n\n\n<h3 class=\"wp-block-heading\" id=\"ui-id-15\">\u00c0 qui ces informations peuvent-elles \u00eatre divulgu\u00e9es ?<\/h3>\n\n\n\n<p>Vos donn\u00e9es personnelles sont destin\u00e9es \u00e0 l'usage de Sail Armada S.R.L. et sont communiqu\u00e9es aux destinataires suivants, le cas \u00e9ch\u00e9ant : - \u00e0 nos partenaires de services touristiques et ne seront utilis\u00e9es qu'aux fins de la r\u00e9alisation de votre demande de r\u00e9servation ; - \u00e0 d'autres institutions\/autorit\u00e9s centrales et locales en vertu de la loi ; - aux tribunaux aux fins de l'introduction d'une action en justice et de la repr\u00e9sentation en justice ; - dans le cadre de l'organisation\/exploitation d'\u00e9v\u00e9nements, aux fins de justification ; La communication des donn\u00e9es \u00e0 des tiers est effectu\u00e9e conform\u00e9ment aux dispositions l\u00e9gales pour les cat\u00e9gories de destinataires sp\u00e9cifi\u00e9es ci-dessus.<\/p>\n\n\n\n<h3 class=\"wp-block-heading\" id=\"ui-id-17\">Transfert d'informations<\/h3>\n\n\n\n<p>Sail Armada S.R.L. transf\u00e8re des donn\u00e9es personnelles \u00e0 des pays tiers ou \u00e0 des organisations internationales. Les donn\u00e9es telles que Nom \/ Pr\u00e9nom \/ Nationalit\u00e9 \/ Date de naissance \/ Num\u00e9ro de passeport \/ S\u00e9rie et num\u00e9ro d'identification peuvent \u00eatre transmises aux institutions \u00e9tatiques des pays o\u00f9 se d\u00e9roulent les \u00e9v\u00e9nements. Dans le cas o\u00f9 Sail Armada S.R.L. transf\u00e9rerait des donn\u00e9es personnelles \u00e0 des pays tiers ou \u00e0 des organisations internationales, vous serez contact\u00e9 et inform\u00e9 en d\u00e9tail de ce traitement, conform\u00e9ment au GDPR.<\/p>\n\n\n\n<h3 class=\"wp-block-heading\" id=\"ui-id-19\">Pendant combien de temps les donn\u00e9es personnelles sont-elles conserv\u00e9es ?<\/h3>\n\n\n\n<p>Vos donn\u00e9es personnelles sont conserv\u00e9es comme suit : - Pour l'activit\u00e9 courante consistant \u00e0 offrir des services, les donn\u00e9es sont conserv\u00e9es pendant la dur\u00e9e du contrat et pendant 5 ans apr\u00e8s sa r\u00e9siliation. Pour les relations publiques \/ la promotion \/ la diffusion \/ la couverture m\u00e9diatique de l'activit\u00e9 courante de l'organisation, l'organisation \/ le d\u00e9roulement d'\u00e9v\u00e9nements, les re\u00e7us \/ les contrats de donation \/ de parrainage sont stock\u00e9s conform\u00e9ment \u00e0 la l\u00e9gislation en vigueur. Les autres donn\u00e9es sont conserv\u00e9es aussi longtemps que n\u00e9cessaire pour atteindre les objectifs pour lesquels elles ont \u00e9t\u00e9 collect\u00e9es, ou jusqu'au retrait du consentement.<\/p>\n\n\n\n<h3 class=\"wp-block-heading\" id=\"ui-id-21\">Que se passe-t-il si vous ne voulez pas divulguer de donn\u00e9es personnelles ?<\/h3>\n\n\n\n<p>Les donn\u00e9es personnelles mentionn\u00e9es ci-dessus sont n\u00e9cessaires pour que nous puissions traiter vos r\u00e9servations. Nous devons mentionner qu'il nous est impossible de traiter les r\u00e9servations qui ne contiennent pas ces donn\u00e9es obligatoires. Si vous ne souhaitez pas nous fournir ces donn\u00e9es personnelles, vous avez le droit d'annuler votre r\u00e9servation \u00e0 tout moment.<\/p>\n\n\n\n<h3 class=\"wp-block-heading\" id=\"ui-id-23\">Cookies<\/h3>\n\n\n\n<p>Afin d'am\u00e9liorer la relation entre Sail Armada et vous, nous utilisons des cookies pour collecter des informations vous concernant. Les cookies sont de petits fichiers stock\u00e9s temporairement sur l'ordinateur du visiteur (l'utilisateur de notre site) contenant des informations sur cet utilisateur afin de le reconna\u00eetre et de faciliter son acc\u00e8s ult\u00e9rieur \u00e0 ce site. La plupart des navigateurs internet acceptent les cookies, mais vous pouvez supprimer ces cookies existants dans votre navigateur. Vous pouvez \u00e9galement effectuer certains r\u00e9glages pour bloquer la r\u00e9ception de cookies \u00e0 l'avenir. Afin d'identifier comment nos visiteurs acc\u00e8dent \u00e0 notre site, nous collectons des informations par le biais de ces cookies, ils nous fournissent des d\u00e9tails sur le trafic de notre site, les offres les plus populaires et nous permettent \u00e9galement de cibler le visiteur avec les informations les plus pertinentes par le biais de campagnes de marketing direct. Aucune information personnelle (personnellement identifiable) n'est collect\u00e9e au cours de ce processus. Si vous souhaitez renoncer \u00e0 l'utilisation de ces cookies, veuillez nous \u00e9crire \u00e0 l'adresse hello@sailarmada.com ou consulter notre politique d\u00e9taill\u00e9e en mati\u00e8re de cookies.<\/p>\n\n\n\n<h3 class=\"wp-block-heading\" id=\"ui-id-25\">Se d\u00e9sabonner<\/h3>\n\n\n\n<p>Si vous souhaitez ne plus recevoir de bulletins d'information ou d'autres d\u00e9tails sur les diverses promotions et offres sp\u00e9ciales, veuillez nous envoyer un courriel \u00e0 l'adresse hello@sailarmada.com ou vous d\u00e9sabonner en utilisant le lien figurant dans le dernier bulletin d'information que vous avez re\u00e7u.<\/p>\n\n\n\n<h3 class=\"wp-block-heading\" id=\"ui-id-27\">S\u00e9curit\u00e9 de l'information<\/h3>\n\n\n\n<p>Nous suivons des proc\u00e9dures de s\u00e9curit\u00e9 strictes concernant le stockage et la divulgation des informations que vous nous avez fournies. Ceci afin d'emp\u00eacher tout acc\u00e8s non autoris\u00e9 ou traitement ill\u00e9gal de vos informations personnelles. Nous assurons la confidentialit\u00e9 de vos informations et les stockons sur un serveur s\u00e9curis\u00e9, prot\u00e9g\u00e9 par un mot de passe et dissimul\u00e9 derri\u00e8re un pare-feu. Nous utilisons le logiciel Secure Socket Layer (SSL) pour crypter toutes vos informations personnelles, y compris votre nom et votre adresse.<\/p>\n\n\n\n<h3 class=\"wp-block-heading\" id=\"ui-id-29\">Vos droits<\/h3>\n\n\n\n<p>Conform\u00e9ment aux dispositions l\u00e9gales applicables, vous disposez d'un droit d'acc\u00e8s, d'un droit de rectification, d'un droit d'effacement des donn\u00e9es, d'un droit de limitation du traitement, d'un droit \u00e0 la portabilit\u00e9 des donn\u00e9es, d'un droit d'opposition et d'une prise de d\u00e9cision individuelle automatis\u00e9e. Vous avez \u00e9galement le droit d'introduire une plainte aupr\u00e8s de l'autorit\u00e9 nationale de contr\u00f4le du traitement des donn\u00e9es \u00e0 caract\u00e8re personnel (Bd. General Gheorghe Magheru 28-30, secteur 1, code postal 010336, Bucarest, Roumanie, t\u00e9l\u00e9phone : 031 805 92 11, e-mail anspdcp@dataprotection.ro), ainsi que le droit d'introduire un recours judiciaire. Pour exercer vos droits, veuillez contacter le d\u00e9l\u00e9gu\u00e9 \u00e0 la protection des donn\u00e9es de Sail Armada S.R.L. directement \u00e0 l'adresse : hello@sailarmada.com ou par \u00e9crit au si\u00e8ge social Calea Vitan 119, Bucuresti, Roumanie.<\/p>\n\n\n\n<h3 class=\"wp-block-heading\" id=\"ui-id-31\">Modifications de notre politique de confidentialit\u00e9<\/h3>\n\n\n\n<p>La politique de confidentialit\u00e9 peut \u00eatre modifi\u00e9e de temps \u00e0 autre afin de se conformer \u00e0 la l\u00e9gislation. Nous n'informerons pas explicitement les clients ou les utilisateurs du site web de ces changements. Nous vous recommandons plut\u00f4t de consulter occasionnellement cette page.<\/p>","protected":false},"excerpt":{"rendered":"<p>SAIL ARMADA &#8211; POLITICA DE CONFIDEN\u021aIALITATEDenumirea &#8222;Sail Armada&#8221; se va referi at\u00e2t la compania Sail Armada SRL, c\u00e2t \u0219i la marca sa comercial\u0103 Capetan.club \u0219i capetancharter.com. Sail Armada SRL este [&hellip;]<\/p>\n","protected":false},"author":1,"featured_media":0,"parent":0,"menu_order":0,"comment_status":"closed","ping_status":"open","template":"","meta":{"_eb_attr":"","inline_featured_image":false,"footnotes":""},"class_list":["post-20263","page","type-page","status-publish","hentry"],"yoast_head":"<!-- This site is optimized with the Yoast SEO Premium plugin v20.3 (Yoast SEO v26.9) - https:\/\/yoast.com\/product\/yoast-seo-premium-wordpress\/ -->\n<title>Privacy Policy | Capetan Club<\/title>\n<meta name=\"description\" content=\"Denumirea \u201eSail Armada\u201d se va referi at\u00e2t la compania Sail Armada SRL, c\u00e2t \u0219i la marca sa comercial\u0103 Capetan.club \u0219i capetancharter.com\" \/>\n<meta name=\"robots\" content=\"index, follow, max-snippet:-1, max-image-preview:large, max-video-preview:-1\" \/>\n<link rel=\"canonical\" href=\"https:\/\/capetan.club\/fr\/privacy-policy\/\" \/>\n<meta property=\"og:locale\" content=\"fr_FR\" \/>\n<meta property=\"og:type\" content=\"article\" \/>\n<meta property=\"og:title\" content=\"Privacy Policy\" \/>\n<meta property=\"og:description\" content=\"Denumirea \u201eSail Armada\u201d se va referi at\u00e2t la compania Sail Armada SRL, c\u00e2t \u0219i la marca sa comercial\u0103 Capetan.club \u0219i capetancharter.com\" \/>\n<meta property=\"og:url\" content=\"https:\/\/capetan.club\/fr\/privacy-policy\/\" \/>\n<meta property=\"og:site_name\" content=\"Capetan Club\" \/>\n<meta property=\"article:publisher\" content=\"https:\/\/facebook.com\/capetan.club\" \/>\n<meta property=\"article:modified_time\" content=\"2023-03-23T21:15:35+00:00\" \/>\n<meta name=\"twitter:card\" content=\"summary_large_image\" \/>\n<meta name=\"twitter:label1\" content=\"Dur\u00e9e de lecture estim\u00e9e\" \/>\n\t<meta name=\"twitter:data1\" content=\"9 minutes\" \/>\n<script type=\"application\/ld+json\" class=\"yoast-schema-graph\">{\"@context\":\"https:\/\/schema.org\",\"@graph\":[{\"@type\":\"WebPage\",\"@id\":\"https:\/\/capetan.club\/privacy-policy\/\",\"url\":\"https:\/\/capetan.club\/privacy-policy\/\",\"name\":\"Privacy Policy | Capetan Club\",\"isPartOf\":{\"@id\":\"https:\/\/capetan.club\/el\/#website\"},\"datePublished\":\"2019-10-25T12:44:36+00:00\",\"dateModified\":\"2023-03-23T21:15:35+00:00\",\"description\":\"Denumirea \u201eSail Armada\u201d se va referi at\u00e2t la compania Sail Armada SRL, c\u00e2t \u0219i la marca sa comercial\u0103 Capetan.club \u0219i capetancharter.com\",\"breadcrumb\":{\"@id\":\"https:\/\/capetan.club\/privacy-policy\/#breadcrumb\"},\"inLanguage\":\"fr-FR\",\"potentialAction\":[{\"@type\":\"ReadAction\",\"target\":[\"https:\/\/capetan.club\/privacy-policy\/\"]}]},{\"@type\":\"BreadcrumbList\",\"@id\":\"https:\/\/capetan.club\/privacy-policy\/#breadcrumb\",\"itemListElement\":[{\"@type\":\"ListItem\",\"position\":1,\"name\":\"Home\",\"item\":\"https:\/\/capetan.club\/\"},{\"@type\":\"ListItem\",\"position\":2,\"name\":\"Privacy Policy\"}]},{\"@type\":\"WebSite\",\"@id\":\"https:\/\/capetan.club\/el\/#website\",\"url\":\"https:\/\/capetan.club\/el\/\",\"name\":\"Capetan Club\",\"description\":\"Skipers&#039; Elite\",\"publisher\":{\"@id\":\"https:\/\/capetan.club\/el\/#organization\"},\"potentialAction\":[{\"@type\":\"SearchAction\",\"target\":{\"@type\":\"EntryPoint\",\"urlTemplate\":\"https:\/\/capetan.club\/el\/?s={search_term_string}\"},\"query-input\":{\"@type\":\"PropertyValueSpecification\",\"valueRequired\":true,\"valueName\":\"search_term_string\"}}],\"inLanguage\":\"fr-FR\"},{\"@type\":\"Organization\",\"@id\":\"https:\/\/capetan.club\/el\/#organization\",\"name\":\"Capetan\",\"url\":\"https:\/\/capetan.club\/el\/\",\"logo\":{\"@type\":\"ImageObject\",\"inLanguage\":\"fr-FR\",\"@id\":\"https:\/\/capetan.club\/el\/#\/schema\/logo\/image\/\",\"url\":\"https:\/\/capetan.club\/wp-content\/uploads\/2022\/03\/Badge.png\",\"contentUrl\":\"https:\/\/capetan.club\/wp-content\/uploads\/2022\/03\/Badge.png\",\"width\":282,\"height\":282,\"caption\":\"Capetan\"},\"image\":{\"@id\":\"https:\/\/capetan.club\/el\/#\/schema\/logo\/image\/\"},\"sameAs\":[\"https:\/\/facebook.com\/capetan.club\",\"https:\/\/www.instagram.com\/capetan.club\/\"]}]}<\/script>\n<!-- \/ Yoast SEO Premium plugin. -->","yoast_head_json":{"title":"Politique de confidentialit\u00e9 | Capetan Club","description":"Le nom \"Sail Armada\" fera r\u00e9f\u00e9rence \u00e0 la fois \u00e0 la soci\u00e9t\u00e9 Sail Armada SRL et \u00e0 ses marques Capetan.club et capetancharter.com.","robots":{"index":"index","follow":"follow","max-snippet":"max-snippet:-1","max-image-preview":"max-image-preview:large","max-video-preview":"max-video-preview:-1"},"canonical":"https:\/\/capetan.club\/fr\/privacy-policy\/","og_locale":"fr_FR","og_type":"article","og_title":"Privacy Policy","og_description":"Denumirea \u201eSail Armada\u201d se va referi at\u00e2t la compania Sail Armada SRL, c\u00e2t \u0219i la marca sa comercial\u0103 Capetan.club \u0219i capetancharter.com","og_url":"https:\/\/capetan.club\/fr\/privacy-policy\/","og_site_name":"Capetan Club","article_publisher":"https:\/\/facebook.com\/capetan.club","article_modified_time":"2023-03-23T21:15:35+00:00","twitter_card":"summary_large_image","twitter_misc":{"Dur\u00e9e de lecture estim\u00e9e":"9 minutes"},"schema":{"@context":"https:\/\/schema.org","@graph":[{"@type":"WebPage","@id":"https:\/\/capetan.club\/privacy-policy\/","url":"https:\/\/capetan.club\/privacy-policy\/","name":"Politique de confidentialit\u00e9 | Capetan Club","isPartOf":{"@id":"https:\/\/capetan.club\/el\/#website"},"datePublished":"2019-10-25T12:44:36+00:00","dateModified":"2023-03-23T21:15:35+00:00","description":"Le nom \"Sail Armada\" fera r\u00e9f\u00e9rence \u00e0 la fois \u00e0 la soci\u00e9t\u00e9 Sail Armada SRL et \u00e0 ses marques Capetan.club et capetancharter.com.","breadcrumb":{"@id":"https:\/\/capetan.club\/privacy-policy\/#breadcrumb"},"inLanguage":"fr-FR","potentialAction":[{"@type":"ReadAction","target":["https:\/\/capetan.club\/privacy-policy\/"]}]},{"@type":"BreadcrumbList","@id":"https:\/\/capetan.club\/privacy-policy\/#breadcrumb","itemListElement":[{"@type":"ListItem","position":1,"name":"Home","item":"https:\/\/capetan.club\/"},{"@type":"ListItem","position":2,"name":"Privacy Policy"}]},{"@type":"WebSite","@id":"https:\/\/capetan.club\/el\/#website","url":"https:\/\/capetan.club\/el\/","name":"Club du Capetan","description":"Skipers&amp;#039 ; Elite","publisher":{"@id":"https:\/\/capetan.club\/el\/#organization"},"potentialAction":[{"@type":"SearchAction","target":{"@type":"EntryPoint","urlTemplate":"https:\/\/capetan.club\/el\/?s={search_term_string}"},"query-input":{"@type":"PropertyValueSpecification","valueRequired":true,"valueName":"search_term_string"}}],"inLanguage":"fr-FR"},{"@type":"Organization","@id":"https:\/\/capetan.club\/el\/#organization","name":"Capetan","url":"https:\/\/capetan.club\/el\/","logo":{"@type":"ImageObject","inLanguage":"fr-FR","@id":"https:\/\/capetan.club\/el\/#\/schema\/logo\/image\/","url":"https:\/\/capetan.club\/wp-content\/uploads\/2022\/03\/Badge.png","contentUrl":"https:\/\/capetan.club\/wp-content\/uploads\/2022\/03\/Badge.png","width":282,"height":282,"caption":"Capetan"},"image":{"@id":"https:\/\/capetan.club\/el\/#\/schema\/logo\/image\/"},"sameAs":["https:\/\/facebook.com\/capetan.club","https:\/\/www.instagram.com\/capetan.club\/"]}]}},"_links":{"self":[{"href":"https:\/\/capetan.club\/fr\/wp-json\/wp\/v2\/pages\/20263","targetHints":{"allow":["GET"]}}],"collection":[{"href":"https:\/\/capetan.club\/fr\/wp-json\/wp\/v2\/pages"}],"about":[{"href":"https:\/\/capetan.club\/fr\/wp-json\/wp\/v2\/types\/page"}],"author":[{"embeddable":true,"href":"https:\/\/capetan.club\/fr\/wp-json\/wp\/v2\/users\/1"}],"replies":[{"embeddable":true,"href":"https:\/\/capetan.club\/fr\/wp-json\/wp\/v2\/comments?post=20263"}],"version-history":[{"count":0,"href":"https:\/\/capetan.club\/fr\/wp-json\/wp\/v2\/pages\/20263\/revisions"}],"wp:attachment":[{"href":"https:\/\/capetan.club\/fr\/wp-json\/wp\/v2\/media?parent=20263"}],"curies":[{"name":"wp","href":"https:\/\/api.w.org\/{rel}","templated":true}]}}