{"id":31131,"date":"2025-11-24T00:01:08","date_gmt":"2025-11-23T22:01:08","guid":{"rendered":"https:\/\/capetan.club\/?page_id=31131"},"modified":"2025-11-24T00:11:13","modified_gmt":"2025-11-23T22:11:13","slug":"confirmare-capetan-get-together-25-cluj","status":"publish","type":"page","link":"https:\/\/capetan.club\/el\/confirmare-capetan-get-together-25-cluj\/","title":{"rendered":"\u0395\u03c0\u03b9\u03b2\u03b5\u03b2\u03b1\u03af\u03c9\u03c3\u03b7 Capetan Get Together \u201925 - Cluj"},"content":{"rendered":"<div data-elementor-type=\"wp-page\" data-elementor-id=\"31131\" class=\"elementor elementor-31131\" data-elementor-post-type=\"page\">\n\t\t\t\t\t\t<section data-particle_enable=\"false\" data-particle-mobile-disabled=\"false\" class=\"elementor-section elementor-top-section elementor-element elementor-element-a134cfb elementor-section-boxed elementor-section-height-default elementor-section-height-default\" data-id=\"a134cfb\" data-element_type=\"section\" data-e-type=\"section\">\n\t\t\t\t\t\t<div class=\"elementor-container elementor-column-gap-default\">\n\t\t\t\t\t<div class=\"elementor-column elementor-col-100 elementor-top-column elementor-element elementor-element-dcae29e\" data-id=\"dcae29e\" data-element_type=\"column\" data-e-type=\"column\">\n\t\t\t<div class=\"elementor-widget-wrap elementor-element-populated\">\n\t\t\t\t\t\t<div class=\"elementor-element elementor-element-5cef76c elementor-widget elementor-widget-image\" data-id=\"5cef76c\" data-element_type=\"widget\" data-e-type=\"widget\" data-widget_type=\"image.default\">\n\t\t\t\t<div class=\"elementor-widget-container\">\n\t\t\t\t\t\t\t\t\t\t\t\t\t\t\t<img fetchpriority=\"high\" decoding=\"async\" width=\"288\" height=\"300\" src=\"https:\/\/capetan.club\/wp-content\/uploads\/2025\/11\/Capetan_Get-Together_Cluj-288x300.jpeg\" class=\"attachment-medium size-medium wp-image-31142\" alt=\"\" srcset=\"https:\/\/capetan.club\/wp-content\/uploads\/2025\/11\/Capetan_Get-Together_Cluj-288x300.jpeg 288w, https:\/\/capetan.club\/wp-content\/uploads\/2025\/11\/Capetan_Get-Together_Cluj-768x799.jpeg 768w, https:\/\/capetan.club\/wp-content\/uploads\/2025\/11\/Capetan_Get-Together_Cluj-12x12.jpeg 12w, https:\/\/capetan.club\/wp-content\/uploads\/2025\/11\/Capetan_Get-Together_Cluj.jpeg 900w\" sizes=\"(max-width: 288px) 100vw, 288px\" \/>\t\t\t\t\t\t\t\t\t\t\t\t\t\t\t<\/div>\n\t\t\t\t<\/div>\n\t\t\t\t<div class=\"elementor-element elementor-element-42550d3 elementor-widget elementor-widget-heading\" data-id=\"42550d3\" data-element_type=\"widget\" data-e-type=\"widget\" data-widget_type=\"heading.default\">\n\t\t\t\t<div class=\"elementor-widget-container\">\n\t\t\t\t\t<h2 class=\"elementor-heading-title elementor-size-default\">\u03a4\u03b1 \u03bb\u03ad\u03bc\u03b5 \u03c3\u03c4\u03bf Cluj! \u2693\ufe0f<\/h2>\t\t\t\t<\/div>\n\t\t\t\t<\/div>\n\t\t\t\t\t<\/div>\n\t\t<\/div>\n\t\t\t\t\t<\/div>\n\t\t<\/section>\n\t\t\t\t<section data-particle_enable=\"false\" data-particle-mobile-disabled=\"false\" class=\"elementor-section elementor-top-section elementor-element elementor-element-f3d277e elementor-section-boxed elementor-section-height-default elementor-section-height-default\" data-id=\"f3d277e\" data-element_type=\"section\" data-e-type=\"section\">\n\t\t\t\t\t\t<div class=\"elementor-container elementor-column-gap-default\">\n\t\t\t\t\t<div class=\"elementor-column elementor-col-100 elementor-top-column elementor-element elementor-element-82e3d4f\" data-id=\"82e3d4f\" data-element_type=\"column\" data-e-type=\"column\">\n\t\t\t<div class=\"elementor-widget-wrap elementor-element-populated\">\n\t\t\t\t\t\t<div class=\"elementor-element elementor-element-efa3fa8 elementor-widget-divider--separator-type-pattern elementor-widget-divider--no-spacing elementor-widget-divider--view-line elementor-widget elementor-widget-divider\" data-id=\"efa3fa8\" data-element_type=\"widget\" data-e-type=\"widget\" data-widget_type=\"divider.default\">\n\t\t\t\t<div class=\"elementor-widget-container\">\n\t\t\t\t\t\t\t<div class=\"elementor-divider\" style=\"--divider-pattern-url: url(&quot;data:image\/svg+xml,%3Csvg xmlns=&#039;http:\/\/www.w3.org\/2000\/svg&#039; preserveAspectRatio=&#039;xMidYMid meet&#039; overflow=&#039;visible&#039; height=&#039;100%&#039; viewBox=&#039;0 0 126 26&#039; fill=&#039;black&#039; stroke=&#039;none&#039;%3E%3Cpath d=&#039;M3,10.2c2.6,0,2.6,2,2.6,3.2S4.4,16.5,3,16.5s-3-1.4-3-3.2S0.4,10.2,3,10.2z M18.8,10.2c1.7,0,3.2,1.4,3.2,3.2s-1.4,3.2-3.2,3.2c-1.7,0-3.2-1.4-3.2-3.2S17,10.2,18.8,10.2z M34.6,10.2c1.5,0,2.6,1.4,2.6,3.2s-0.5,3.2-1.9,3.2c-1.5,0-3.4-1.4-3.4-3.2S33.1,10.2,34.6,10.2z M50.5,10.2c1.7,0,3.2,1.4,3.2,3.2s-1.4,3.2-3.2,3.2c-1.7,0-3.3-0.9-3.3-2.6S48.7,10.2,50.5,10.2z M66.2,10.2c1.5,0,3.4,1.4,3.4,3.2s-1.9,3.2-3.4,3.2c-1.5,0-2.6-0.4-2.6-2.1S64.8,10.2,66.2,10.2z M82.2,10.2c1.7,0.8,2.6,1.4,2.6,3.2s-0.1,3.2-1.6,3.2c-1.5,0-3.7-1.4-3.7-3.2S80.5,9.4,82.2,10.2zM98.6,10.2c1.5,0,2.6,0.4,2.6,2.1s-1.2,4.2-2.6,4.2c-1.5,0-3.7-0.4-3.7-2.1S97.1,10.2,98.6,10.2z M113.4,10.2c1.2,0,2.2,0.9,2.2,3.2s-0.1,3.2-1.3,3.2s-3.1-1.4-3.1-3.2S112.2,10.2,113.4,10.2z&#039;\/%3E%3C\/svg%3E&quot;);\">\n\t\t\t<span class=\"elementor-divider-separator\">\n\t\t\t\t\t\t<\/span>\n\t\t<\/div>\n\t\t\t\t\t\t<\/div>\n\t\t\t\t<\/div>\n\t\t\t\t\t<\/div>\n\t\t<\/div>\n\t\t\t\t\t<\/div>\n\t\t<\/section>\n\t\t\t\t<section data-particle_enable=\"false\" data-particle-mobile-disabled=\"false\" class=\"elementor-section elementor-top-section elementor-element elementor-element-262470d elementor-section-boxed elementor-section-height-default elementor-section-height-default\" data-id=\"262470d\" data-element_type=\"section\" data-e-type=\"section\">\n\t\t\t\t\t\t<div class=\"elementor-container elementor-column-gap-default\">\n\t\t\t\t\t<div class=\"elementor-column elementor-col-50 elementor-top-column elementor-element elementor-element-c8c4b74\" data-id=\"c8c4b74\" data-element_type=\"column\" data-e-type=\"column\">\n\t\t\t<div class=\"elementor-widget-wrap elementor-element-populated\">\n\t\t\t\t\t\t<div class=\"elementor-element elementor-element-af501c8 elementor-widget elementor-widget-text-editor\" data-id=\"af501c8\" data-element_type=\"widget\" data-e-type=\"widget\" data-widget_type=\"text-editor.default\">\n\t\t\t\t<div class=\"elementor-widget-container\">\n\t\t\t\t\t\t\t\t\t<p data-start=\"470\" data-end=\"590\">\u03a3\u03b1\u03c2 \u03b5\u03c5\u03c7\u03b1\u03c1\u03b9\u03c3\u03c4\u03bf\u03cd\u03bc\u03b5 \u03c0\u03bf\u03c5 \u03bc\u03b1\u03c2 \u03b5\u03bd\u03b7\u03bc\u03b5\u03c1\u03ce\u03c3\u03b1\u03c4\u03b5.<br data-start=\"496\" data-end=\"499\" \/>\u03a4\u03b1 \u03bb\u03ad\u03bc\u03b5 \u03c3\u03c4\u03bf<br data-start=\"510\" data-end=\"513\" \/><strong data-start=\"513\" data-end=\"540\">5 \u0394\u03b5\u03ba\u03b5\u03bc\u03b2\u03c1\u03af\u03bf\u03c5, \u03ce\u03c1\u03b1 \u03ad\u03bd\u03b1\u03c1\u03be\u03b7\u03c2 18:00<\/strong>,<br data-start=\"541\" data-end=\"544\" \/>\u03c3\u03c4\u03bf <strong data-start=\"547\" data-end=\"589\">Klausen Burger, 22 King Ferdinand str., Cluj. (\u039a\u03b5\u03bd\u03c4\u03c1\u03b9\u03ba\u03ae \u03c4\u03b1\u03c1\u03ac\u03c4\u03c3\u03b1)<\/strong><\/p><p data-start=\"592\" data-end=\"740\">\u0398\u03b1 \u03b5\u03af\u03bd\u03b1\u03b9 \u03bc\u03b9\u03b1 \u03c7\u03b1\u03bb\u03b1\u03c1\u03ae \u03b2\u03c1\u03b1\u03b4\u03b9\u03ac \u03bc\u03b5\u03c4\u03b1\u03be\u03cd \u03ba\u03b1\u03c0\u03b5\u03c4\u03ac\u03bd\u03b9\u03c9\u03bd, \u03bc\u03b1\u03b8\u03b7\u03c4\u03ce\u03bd \u03ba\u03b1\u03b9 \u03c6\u03af\u03bb\u03c9\u03bd \u03b1\u03c0\u03cc \u03c4\u03b7\u03bd \u03ba\u03bf\u03b9\u03bd\u03cc\u03c4\u03b7\u03c4\u03b1 Capetan \u03ba\u03b1\u03b9 Sail Armada.<br data-start=\"691\" data-end=\"694\" \/>\u0391\u03bd\u03c5\u03c0\u03bf\u03bc\u03bf\u03bd\u03bf\u03cd\u03bc\u03b5 \u03bd\u03b1 \u03c3\u03c5\u03b6\u03b7\u03c4\u03ae\u03c3\u03bf\u03c5\u03bc\u03b5 \u03ba\u03b1\u03b9 \u03bd\u03b1 \u03c3\u03b1\u03c2 \u03be\u03b1\u03bd\u03b1\u03b4\u03bf\u03cd\u03bc\u03b5!<\/p>\t\t\t\t\t\t\t\t<\/div>\n\t\t\t\t<\/div>\n\t\t\t\t\t<\/div>\n\t\t<\/div>\n\t\t\t\t<div class=\"elementor-column elementor-col-50 elementor-top-column elementor-element elementor-element-e810af1\" data-id=\"e810af1\" data-element_type=\"column\" data-e-type=\"column\">\n\t\t\t<div class=\"elementor-widget-wrap elementor-element-populated\">\n\t\t\t\t\t\t<div class=\"elementor-element elementor-element-c5945f0 elementor-widget elementor-widget-google_maps\" data-id=\"c5945f0\" data-element_type=\"widget\" data-e-type=\"widget\" data-widget_type=\"google_maps.default\">\n\t\t\t\t<div class=\"elementor-widget-container\">\n\t\t\t\t\t\t\t<div class=\"elementor-custom-embed\">\n\t\t\t<iframe loading=\"lazy\"\n\t\t\t\t\tsrc=\"https:\/\/maps.google.com\/maps?q=Klausen%20Burger&#038;t=m&#038;z=14&#038;output=embed&#038;iwloc=near\"\n\t\t\t\t\ttitle=\"Klausen Burger\"\n\t\t\t\t\taria-label=\"Klausen Burger\"\n\t\t\t><\/iframe>\n\t\t<\/div>\n\t\t\t\t\t\t<\/div>\n\t\t\t\t<\/div>\n\t\t\t\t\t<\/div>\n\t\t<\/div>\n\t\t\t\t\t<\/div>\n\t\t<\/section>\n\t\t\t\t<section data-particle_enable=\"false\" data-particle-mobile-disabled=\"false\" class=\"elementor-section elementor-top-section elementor-element elementor-element-6d93001 elementor-section-boxed elementor-section-height-default elementor-section-height-default\" data-id=\"6d93001\" data-element_type=\"section\" data-e-type=\"section\">\n\t\t\t\t\t\t<div class=\"elementor-container elementor-column-gap-default\">\n\t\t\t\t\t<div class=\"elementor-column elementor-col-100 elementor-top-column elementor-element elementor-element-a3beec9\" data-id=\"a3beec9\" data-element_type=\"column\" data-e-type=\"column\">\n\t\t\t<div class=\"elementor-widget-wrap elementor-element-populated\">\n\t\t\t\t\t\t<section data-particle_enable=\"false\" data-particle-mobile-disabled=\"false\" class=\"elementor-section elementor-inner-section elementor-element elementor-element-4b34d02 elementor-section-content-middle elementor-section-boxed elementor-section-height-default elementor-section-height-default\" data-id=\"4b34d02\" data-element_type=\"section\" data-e-type=\"section\">\n\t\t\t\t\t\t<div class=\"elementor-container elementor-column-gap-narrow\">\n\t\t\t\t\t<div class=\"elementor-column elementor-col-100 elementor-inner-column elementor-element elementor-element-69a4021\" data-id=\"69a4021\" data-element_type=\"column\" data-e-type=\"column\">\n\t\t\t<div class=\"elementor-widget-wrap elementor-element-populated\">\n\t\t\t\t\t\t<div class=\"elementor-element elementor-element-1c9114a elementor-align-center elementor-widget elementor-widget-button\" data-id=\"1c9114a\" data-element_type=\"widget\" data-e-type=\"widget\" data-widget_type=\"button.default\">\n\t\t\t\t<div class=\"elementor-widget-container\">\n\t\t\t\t\t\t\t\t\t<div class=\"elementor-button-wrapper\">\n\t\t\t\t\t<a class=\"elementor-button elementor-button-link elementor-size-sm\" href=\"https:\/\/www.addevent.com\/event\/0qy21506fs6n\">\n\t\t\t\t\t\t<span class=\"elementor-button-content-wrapper\">\n\t\t\t\t\t\t<span class=\"elementor-button-icon\">\n\t\t\t\t<i aria-hidden=\"true\" class=\"far fa-calendar-plus\"><\/i>\t\t\t<\/span>\n\t\t\t\t\t\t\t\t\t<span class=\"elementor-button-text\">\u03a0\u03c1\u03bf\u03c3\u03b8\u03ae\u03ba\u03b7 \u03c3\u03c4\u03bf \u03b7\u03bc\u03b5\u03c1\u03bf\u03bb\u03cc\u03b3\u03b9\u03bf<\/span>\n\t\t\t\t\t<\/span>\n\t\t\t\t\t<\/a>\n\t\t\t\t<\/div>\n\t\t\t\t\t\t\t\t<\/div>\n\t\t\t\t<\/div>\n\t\t\t\t\t<\/div>\n\t\t<\/div>\n\t\t\t\t\t<\/div>\n\t\t<\/section>\n\t\t\t\t\t<\/div>\n\t\t<\/div>\n\t\t\t\t\t<\/div>\n\t\t<\/section>\n\t\t\t\t<\/div>","protected":false},"excerpt":{"rendered":"<p>Ne vedem la Cluj! \u2693\ufe0f Mul\u021bumim c\u0103 ne-ai anun\u021bat.Ne vedem pe5 decembrie, \u00eencep\u00e2nd cu orele 18:00,la Klausen Burger, str. Regele Ferdinand 22, Cluj. (rooftop Central) Va fi o sear\u0103 relaxat\u0103 [&hellip;]<\/p>\n","protected":false},"author":1,"featured_media":0,"parent":0,"menu_order":0,"comment_status":"closed","ping_status":"closed","template":"","meta":{"_eb_attr":"","inline_featured_image":false,"footnotes":""},"class_list":["post-31131","page","type-page","status-publish","hentry"],"yoast_head":"<!-- This site is optimized with the Yoast SEO Premium plugin v20.3 (Yoast SEO v26.9) - https:\/\/yoast.com\/product\/yoast-seo-premium-wordpress\/ -->\n<title>Confirmare Capetan Get Together &#039;25 - Cluj - Capetan Club<\/title>\n<meta name=\"robots\" content=\"index, follow, max-snippet:-1, max-image-preview:large, max-video-preview:-1\" \/>\n<link rel=\"canonical\" href=\"https:\/\/capetan.club\/el\/confirmare-capetan-get-together-25-cluj\/\" \/>\n<meta property=\"og:locale\" content=\"el_GR\" \/>\n<meta property=\"og:type\" content=\"article\" \/>\n<meta property=\"og:title\" content=\"Confirmare Capetan Get Together &#039;25 - Cluj\" \/>\n<meta property=\"og:description\" content=\"Ne vedem la Cluj! \u2693\ufe0f Mul\u021bumim c\u0103 ne-ai anun\u021bat.Ne vedem pe5 decembrie, \u00eencep\u00e2nd cu orele 18:00,la Klausen Burger, str. Regele Ferdinand 22, Cluj. (rooftop Central) Va fi o sear\u0103 relaxat\u0103 [&hellip;]\" \/>\n<meta property=\"og:url\" content=\"https:\/\/capetan.club\/el\/confirmare-capetan-get-together-25-cluj\/\" \/>\n<meta property=\"og:site_name\" content=\"Capetan Club\" \/>\n<meta property=\"article:publisher\" content=\"https:\/\/facebook.com\/capetan.club\" \/>\n<meta property=\"article:modified_time\" content=\"2025-11-23T22:11:13+00:00\" \/>\n<meta property=\"og:image\" content=\"https:\/\/capetan.club\/wp-content\/uploads\/2025\/11\/Capetan_Get-Together_Cluj.jpeg\" \/>\n\t<meta property=\"og:image:width\" content=\"900\" \/>\n\t<meta property=\"og:image:height\" content=\"936\" \/>\n\t<meta property=\"og:image:type\" content=\"image\/jpeg\" \/>\n<meta name=\"twitter:card\" content=\"summary_large_image\" \/>\n<script type=\"application\/ld+json\" class=\"yoast-schema-graph\">{\"@context\":\"https:\/\/schema.org\",\"@graph\":[{\"@type\":\"WebPage\",\"@id\":\"https:\/\/capetan.club\/confirmare-capetan-get-together-25-cluj\/\",\"url\":\"https:\/\/capetan.club\/confirmare-capetan-get-together-25-cluj\/\",\"name\":\"Confirmare Capetan Get Together '25 - Cluj - Capetan Club\",\"isPartOf\":{\"@id\":\"https:\/\/capetan.club\/el\/#website\"},\"primaryImageOfPage\":{\"@id\":\"https:\/\/capetan.club\/confirmare-capetan-get-together-25-cluj\/#primaryimage\"},\"image\":{\"@id\":\"https:\/\/capetan.club\/confirmare-capetan-get-together-25-cluj\/#primaryimage\"},\"thumbnailUrl\":\"https:\/\/capetan.club\/wp-content\/uploads\/2025\/11\/Capetan_Get-Together_Cluj-288x300.jpeg\",\"datePublished\":\"2025-11-23T22:01:08+00:00\",\"dateModified\":\"2025-11-23T22:11:13+00:00\",\"breadcrumb\":{\"@id\":\"https:\/\/capetan.club\/confirmare-capetan-get-together-25-cluj\/#breadcrumb\"},\"inLanguage\":\"el\",\"potentialAction\":[{\"@type\":\"ReadAction\",\"target\":[\"https:\/\/capetan.club\/confirmare-capetan-get-together-25-cluj\/\"]}]},{\"@type\":\"ImageObject\",\"inLanguage\":\"el\",\"@id\":\"https:\/\/capetan.club\/confirmare-capetan-get-together-25-cluj\/#primaryimage\",\"url\":\"https:\/\/capetan.club\/wp-content\/uploads\/2025\/11\/Capetan_Get-Together_Cluj-288x300.jpeg\",\"contentUrl\":\"https:\/\/capetan.club\/wp-content\/uploads\/2025\/11\/Capetan_Get-Together_Cluj-288x300.jpeg\"},{\"@type\":\"BreadcrumbList\",\"@id\":\"https:\/\/capetan.club\/confirmare-capetan-get-together-25-cluj\/#breadcrumb\",\"itemListElement\":[{\"@type\":\"ListItem\",\"position\":1,\"name\":\"Home\",\"item\":\"https:\/\/capetan.club\/\"},{\"@type\":\"ListItem\",\"position\":2,\"name\":\"Confirmare Capetan Get Together &#8217;25 &#8211; Cluj\"}]},{\"@type\":\"WebSite\",\"@id\":\"https:\/\/capetan.club\/el\/#website\",\"url\":\"https:\/\/capetan.club\/el\/\",\"name\":\"Capetan Club\",\"description\":\"Skipers&#039; Elite\",\"publisher\":{\"@id\":\"https:\/\/capetan.club\/el\/#organization\"},\"potentialAction\":[{\"@type\":\"SearchAction\",\"target\":{\"@type\":\"EntryPoint\",\"urlTemplate\":\"https:\/\/capetan.club\/el\/?s={search_term_string}\"},\"query-input\":{\"@type\":\"PropertyValueSpecification\",\"valueRequired\":true,\"valueName\":\"search_term_string\"}}],\"inLanguage\":\"el\"},{\"@type\":\"Organization\",\"@id\":\"https:\/\/capetan.club\/el\/#organization\",\"name\":\"Capetan\",\"url\":\"https:\/\/capetan.club\/el\/\",\"logo\":{\"@type\":\"ImageObject\",\"inLanguage\":\"el\",\"@id\":\"https:\/\/capetan.club\/el\/#\/schema\/logo\/image\/\",\"url\":\"https:\/\/capetan.club\/wp-content\/uploads\/2022\/03\/Badge.png\",\"contentUrl\":\"https:\/\/capetan.club\/wp-content\/uploads\/2022\/03\/Badge.png\",\"width\":282,\"height\":282,\"caption\":\"Capetan\"},\"image\":{\"@id\":\"https:\/\/capetan.club\/el\/#\/schema\/logo\/image\/\"},\"sameAs\":[\"https:\/\/facebook.com\/capetan.club\",\"https:\/\/www.instagram.com\/capetan.club\/\"]}]}<\/script>\n<!-- \/ Yoast SEO Premium plugin. -->","yoast_head_json":{"title":"Capetan Get Together '25 - Cluj - Capetan Club","robots":{"index":"index","follow":"follow","max-snippet":"max-snippet:-1","max-image-preview":"max-image-preview:large","max-video-preview":"max-video-preview:-1"},"canonical":"https:\/\/capetan.club\/el\/confirmare-capetan-get-together-25-cluj\/","og_locale":"el_GR","og_type":"article","og_title":"Confirmare Capetan Get Together '25 - Cluj","og_description":"Ne vedem la Cluj! \u2693\ufe0f Mul\u021bumim c\u0103 ne-ai anun\u021bat.Ne vedem pe5 decembrie, \u00eencep\u00e2nd cu orele 18:00,la Klausen Burger, str. Regele Ferdinand 22, Cluj. (rooftop Central) Va fi o sear\u0103 relaxat\u0103 [&hellip;]","og_url":"https:\/\/capetan.club\/el\/confirmare-capetan-get-together-25-cluj\/","og_site_name":"Capetan Club","article_publisher":"https:\/\/facebook.com\/capetan.club","article_modified_time":"2025-11-23T22:11:13+00:00","og_image":[{"width":900,"height":936,"url":"https:\/\/capetan.club\/wp-content\/uploads\/2025\/11\/Capetan_Get-Together_Cluj.jpeg","type":"image\/jpeg"}],"twitter_card":"summary_large_image","schema":{"@context":"https:\/\/schema.org","@graph":[{"@type":"WebPage","@id":"https:\/\/capetan.club\/confirmare-capetan-get-together-25-cluj\/","url":"https:\/\/capetan.club\/confirmare-capetan-get-together-25-cluj\/","name":"Capetan Get Together '25 - Cluj - Capetan Club","isPartOf":{"@id":"https:\/\/capetan.club\/el\/#website"},"primaryImageOfPage":{"@id":"https:\/\/capetan.club\/confirmare-capetan-get-together-25-cluj\/#primaryimage"},"image":{"@id":"https:\/\/capetan.club\/confirmare-capetan-get-together-25-cluj\/#primaryimage"},"thumbnailUrl":"https:\/\/capetan.club\/wp-content\/uploads\/2025\/11\/Capetan_Get-Together_Cluj-288x300.jpeg","datePublished":"2025-11-23T22:01:08+00:00","dateModified":"2025-11-23T22:11:13+00:00","breadcrumb":{"@id":"https:\/\/capetan.club\/confirmare-capetan-get-together-25-cluj\/#breadcrumb"},"inLanguage":"el","potentialAction":[{"@type":"ReadAction","target":["https:\/\/capetan.club\/confirmare-capetan-get-together-25-cluj\/"]}]},{"@type":"ImageObject","inLanguage":"el","@id":"https:\/\/capetan.club\/confirmare-capetan-get-together-25-cluj\/#primaryimage","url":"https:\/\/capetan.club\/wp-content\/uploads\/2025\/11\/Capetan_Get-Together_Cluj-288x300.jpeg","contentUrl":"https:\/\/capetan.club\/wp-content\/uploads\/2025\/11\/Capetan_Get-Together_Cluj-288x300.jpeg"},{"@type":"BreadcrumbList","@id":"https:\/\/capetan.club\/confirmare-capetan-get-together-25-cluj\/#breadcrumb","itemListElement":[{"@type":"ListItem","position":1,"name":"Home","item":"https:\/\/capetan.club\/"},{"@type":"ListItem","position":2,"name":"Confirmare Capetan Get Together &#8217;25 &#8211; Cluj"}]},{"@type":"WebSite","@id":"https:\/\/capetan.club\/el\/#website","url":"https:\/\/capetan.club\/el\/","name":"\u039b\u03ad\u03c3\u03c7\u03b7 Capetan","description":"Skipers&#039; Elite","publisher":{"@id":"https:\/\/capetan.club\/el\/#organization"},"potentialAction":[{"@type":"SearchAction","target":{"@type":"EntryPoint","urlTemplate":"https:\/\/capetan.club\/el\/?s={search_term_string}"},"query-input":{"@type":"PropertyValueSpecification","valueRequired":true,"valueName":"search_term_string"}}],"inLanguage":"el"},{"@type":"Organization","@id":"https:\/\/capetan.club\/el\/#organization","name":"Capetan","url":"https:\/\/capetan.club\/el\/","logo":{"@type":"ImageObject","inLanguage":"el","@id":"https:\/\/capetan.club\/el\/#\/schema\/logo\/image\/","url":"https:\/\/capetan.club\/wp-content\/uploads\/2022\/03\/Badge.png","contentUrl":"https:\/\/capetan.club\/wp-content\/uploads\/2022\/03\/Badge.png","width":282,"height":282,"caption":"Capetan"},"image":{"@id":"https:\/\/capetan.club\/el\/#\/schema\/logo\/image\/"},"sameAs":["https:\/\/facebook.com\/capetan.club","https:\/\/www.instagram.com\/capetan.club\/"]}]}},"_links":{"self":[{"href":"https:\/\/capetan.club\/el\/wp-json\/wp\/v2\/pages\/31131","targetHints":{"allow":["GET"]}}],"collection":[{"href":"https:\/\/capetan.club\/el\/wp-json\/wp\/v2\/pages"}],"about":[{"href":"https:\/\/capetan.club\/el\/wp-json\/wp\/v2\/types\/page"}],"author":[{"embeddable":true,"href":"https:\/\/capetan.club\/el\/wp-json\/wp\/v2\/users\/1"}],"replies":[{"embeddable":true,"href":"https:\/\/capetan.club\/el\/wp-json\/wp\/v2\/comments?post=31131"}],"version-history":[{"count":0,"href":"https:\/\/capetan.club\/el\/wp-json\/wp\/v2\/pages\/31131\/revisions"}],"wp:attachment":[{"href":"https:\/\/capetan.club\/el\/wp-json\/wp\/v2\/media?parent=31131"}],"curies":[{"name":"wp","href":"https:\/\/api.w.org\/{rel}","templated":true}]}}