{"id":25785,"date":"2023-09-29T18:35:34","date_gmt":"2023-09-29T15:35:34","guid":{"rendered":"https:\/\/capetan.club\/?page_id=25785"},"modified":"2024-11-26T12:26:53","modified_gmt":"2024-11-26T10:26:53","slug":"cookies-policy","status":"publish","type":"page","link":"https:\/\/capetan.club\/de\/cookies-policy\/","title":{"rendered":"Cookies-Politik"},"content":{"rendered":"<div data-elementor-type=\"wp-page\" data-elementor-id=\"25785\" class=\"elementor elementor-25785\" data-elementor-post-type=\"page\">\n\t\t\t\t\t\t<section data-particle_enable=\"false\" data-particle-mobile-disabled=\"false\" class=\"elementor-section elementor-top-section elementor-element elementor-element-02e0f5e elementor-section-boxed elementor-section-height-default elementor-section-height-default\" data-id=\"02e0f5e\" data-element_type=\"section\" data-e-type=\"section\">\n\t\t\t\t\t\t<div class=\"elementor-container elementor-column-gap-default\">\n\t\t\t\t\t<div class=\"elementor-column elementor-col-100 elementor-top-column elementor-element elementor-element-2dcc26c\" data-id=\"2dcc26c\" data-element_type=\"column\" data-e-type=\"column\">\n\t\t\t<div class=\"elementor-widget-wrap elementor-element-populated\">\n\t\t\t\t\t\t<div class=\"elementor-element elementor-element-bc5854c elementor-widget elementor-widget-spacer\" data-id=\"bc5854c\" data-element_type=\"widget\" data-e-type=\"widget\" data-widget_type=\"spacer.default\">\n\t\t\t\t<div class=\"elementor-widget-container\">\n\t\t\t\t\t\t\t<div class=\"elementor-spacer\">\n\t\t\t<div class=\"elementor-spacer-inner\"><\/div>\n\t\t<\/div>\n\t\t\t\t\t\t<\/div>\n\t\t\t\t<\/div>\n\t\t\t\t<div class=\"elementor-element elementor-element-f6eee3a elementor-widget elementor-widget-heading\" data-id=\"f6eee3a\" data-element_type=\"widget\" data-e-type=\"widget\" data-widget_type=\"heading.default\">\n\t\t\t\t<div class=\"elementor-widget-container\">\n\t\t\t\t\t<h2 class=\"elementor-heading-title elementor-size-default\">Cookies-Politik<\/h2>\t\t\t\t<\/div>\n\t\t\t\t<\/div>\n\t\t\t\t<div class=\"elementor-element elementor-element-de3c47a elementor-widget elementor-widget-text-editor\" data-id=\"de3c47a\" data-element_type=\"widget\" data-e-type=\"widget\" data-widget_type=\"text-editor.default\">\n\t\t\t\t<div class=\"elementor-widget-container\">\n\t\t\t\t\t\t\t\t\t<p>Die folgenden Informationen sollen Ihnen weitere Einzelheiten \u00fcber die Platzierung, Verwendung und Verwaltung der von der Website verwendeten Cookies vermitteln. <a href=\"https:\/\/www.sailarmada.com\">www.sailarmada.com<\/a> \/ <a href=\"https:\/\/capetan.club\/de\">www.capetan.club<\/a> \/ <a href=\"https:\/\/www.capetancharter.com\">www.capetancharter.com<\/a> . Es gibt auch einige n\u00fctzliche Links zu diesem Thema. Sollten Sie weitere Informationen ben\u00f6tigen, die hier nicht aufgef\u00fchrt sind, k\u00f6nnen Sie uns unter hello@sailarmada.com kontaktieren.<br \/>Diese Website ist Eigentum von Sail Armada SRL, Calea Vitan 119 Bukarest, Rum\u00e4nien und verwendet Cookies, um den Besuchern ein besseres Surferlebnis und auf ihre Bed\u00fcrfnisse und Interessen zugeschnittene Dienste zu bieten. In dem, was wir als \"Web 2.0\" bezeichnen, spielen \"Cookies\" eine wichtige Rolle bei der Erleichterung des Zugangs zu und der Bereitstellung von vielen Diensten, die Benutzer im Internet genie\u00dfen, wie z.B.:<\/p><ul><li>die Anpassung bestimmter Einstellungen, wie z. B. die Sprache, in der eine Website angezeigt wird, die W\u00e4hrung, in der bestimmte Preise oder Tarife ausgedr\u00fcckt werden, die Beibehaltung von Optionen f\u00fcr verschiedene Produkte (Gr\u00f6\u00dfen, andere Details usw.) im Einkaufswagen (und die Speicherung dieser Optionen) - und damit die Flexibilit\u00e4t des \"Einkaufswagens\" (Zugriff auf alte Pr\u00e4ferenzen durch Dr\u00fccken der Tasten \"vor\" und \"zur\u00fcck\");<\/li><li>Cookies geben den Betreibern von Websites wertvolle R\u00fcckmeldungen dar\u00fcber, wie ihre Websites genutzt werden, so dass sie sie effektiver und f\u00fcr die Nutzer zug\u00e4nglicher gestalten k\u00f6nnen;<\/li><li>die Einbindung von Multimedia- oder anderen Anwendungen von anderen Websites auf einer bestimmten Website zu erm\u00f6glichen, um das Surfen wertvoller, n\u00fctzlicher und angenehmer zu gestalten;<\/li><li>die Effizienz der Online-Werbung zu verbessern.<\/li><\/ul><p>Was ist ein Keks?<\/p><p>Ein \"Internet-Cookie\" (auch bekannt als \"Browser-Cookie\", \"HTTP-Cookie\" oder einfach \"Cookie\") ist eine kleine Datei aus Buchstaben und Zahlen, die auf dem Computer, dem Mobilger\u00e4t oder einem anderen Ger\u00e4t des Nutzers, von dem aus auf das Internet zugegriffen wird, gespeichert wird.<br \/>Der Cookie wird durch eine Anfrage eines Web-Servers an einen Browser (z. B. Internet Explorer, Chrome) installiert und ist v\u00f6llig \"passiv\" (enth\u00e4lt keine Software, Viren oder Spyware und kann nicht auf Informationen auf der Festplatte des Benutzers zugreifen).<br \/>Ein Cookie besteht aus 2 Teilen: dem Namen und dem Inhalt oder Wert des Cookies. Dar\u00fcber hinaus ist die Lebensdauer eines Cookies festgelegt; technisch gesehen kann nur der Webserver, der das Cookie gesendet hat, wieder darauf zugreifen, wenn ein Nutzer zu der mit diesem Webserver verbundenen Website zur\u00fcckkehrt.<br \/>Cookies selbst erfordern keine pers\u00f6nlichen Informationen, um verwendet zu werden, und identifizieren in den meisten F\u00e4llen die Internetnutzer nicht pers\u00f6nlich.<\/p><p>Es gibt 2 gro\u00dfe Kategorien von Cookies:<\/p><ul><li>Sitzungscookies: Diese werden vor\u00fcbergehend im Cookie-Ordner des Webbrowsers gespeichert, so dass der Browser sie sich merkt, bis der Nutzer die Website verl\u00e4sst oder das Browserfenster schlie\u00dft (z. B. beim An- und Abmelden bei einem Webmail-Konto oder einem sozialen Netzwerk).<\/li><li>Dauerhafte Cookies: Diese werden auf der Festplatte eines Computers oder Ger\u00e4ts gespeichert (und h\u00e4ngen im Allgemeinen von der Standardlebensdauer des Cookies ab). Zu den dauerhaften Cookies geh\u00f6ren auch solche, die von einer anderen Website als derjenigen, die der Nutzer gerade besucht, platziert werden - sogenannte \"Drittanbieter-Cookies\" -, die anonym verwendet werden k\u00f6nnen, um sich an die Interessen eines Nutzers zu erinnern, damit den Nutzern die relevanteste Werbung angezeigt werden kann.<\/li><\/ul><p>Was sind die Vorteile von Cookies?<\/p><p>Ein Cookie enth\u00e4lt Informationen, die einen Web-Browser (den Nutzer) mit einem bestimmten Web-Server (der Website) verbinden. Wenn ein Browser erneut auf diesen Webserver zugreift, kann er die bereits gespeicherten Informationen lesen und entsprechend reagieren. Cookies erm\u00f6glichen den Nutzern ein angenehmes Surferlebnis und unterst\u00fctzen die Bem\u00fchungen vieler Websites, den Nutzern bequeme Dienste anzubieten: z. B. Online-Datenschutzeinstellungen, Sprachoptionen auf der Website, Einkaufswagen oder relevante Werbung.<\/p><p>Wie lange ist die Lebensdauer eines Cookies?<\/p><p>Cookies werden von Webservern verwaltet. Die Lebensdauer eines Cookies kann sehr unterschiedlich sein, je nach dem Zweck, f\u00fcr den es gesetzt wird. Einige Cookies werden ausschlie\u00dflich f\u00fcr eine einzige Sitzung verwendet (Sitzungscookies) und werden nicht mehr aufbewahrt, sobald der Nutzer die Website verl\u00e4sst, w\u00e4hrend andere Cookies aufbewahrt und jedes Mal wieder verwendet werden, wenn der Nutzer zu dieser Website zur\u00fcckkehrt (\"permanente Cookies\"). Cookies k\u00f6nnen jedoch vom Nutzer jederzeit \u00fcber die Browsereinstellungen gel\u00f6scht werden.<\/p><p>Was sind Cookies von Dritten?<\/p><p>Bestimmte Teile des Inhalts auf einigen Websites k\u00f6nnen von Dritten\/Anbietern bereitgestellt werden (z. B. eine Newsbox, ein Video oder eine Anzeige). Diese Dritten k\u00f6nnen ebenfalls Cookies auf der Website platzieren, die als \"Drittanbieter-Cookies\" bezeichnet werden, da sie nicht vom Eigent\u00fcmer der betreffenden Website platziert werden. Auch Drittanbieter m\u00fcssen sich an das geltende Recht und die Datenschutzrichtlinien des Eigent\u00fcmers der Website halten.<\/p><p>Wie Cookies von dieser Website verwendet werden<\/p><p>Bei einem Besuch auf dieser Website k\u00f6nnen Cookies f\u00fcr die Anpassung der einzelnen Seiten gesetzt werden:<\/p><ul><li>Website-Leistungs-Cookies<\/li><li>Cookies zur Besucheranalyse<\/li><li>Cookies f\u00fcr Geotargeting<\/li><li>Anmeldung Cookies<\/li><li>Werbe-Cookies<\/li><\/ul><p>Diese Cookies k\u00f6nnen von den folgenden Drittanbietern stammen:<\/p><ol><li>Leistungs-Cookies<\/li><\/ol><p>Diese Art von Cookie speichert die Pr\u00e4ferenzen des Nutzers auf dieser Website, so dass sie nicht bei jedem Besuch der Website neu gesetzt werden m\u00fcssen. Beispiele: - Einstellungen f\u00fcr die Lautst\u00e4rke des Videoplayers - Geschwindigkeit des Videostreamings, mit der der Browser kompatibel ist Cookies f\u00fcr die Besucheranalyse Bei jedem Besuch dieser Website wird von einer Analysesoftware eines Drittanbieters ein Cookie f\u00fcr die Benutzeranalyse erstellt. Dieses Cookie sagt uns, ob Sie diese Website schon einmal besucht haben. Ihr Browser teilt uns mit, ob Sie dieses Cookie haben, und wenn nicht, erzeugen wir eines. Auf diese Weise k\u00f6nnen wir verfolgen, welche Benutzer uns wie oft besuchen. Solange Sie nicht auf dieser Website registriert sind, kann dieses Cookie nicht zur Identifizierung von Einzelpersonen verwendet werden, sondern nur zu statistischen Zwecken. Wenn Sie registriert sind, kennen wir m\u00f6glicherweise auch die Angaben, die Sie uns gemacht haben, z. B. Ihre E-Mail-Adresse und Ihren Benutzernamen - diese unterliegen den geltenden Rechtsvorschriften zum Schutz der Privatsph\u00e4re und zum Datenschutz.<\/p><ol start=\"2\"><li>Cookies f\u00fcr Geotargeting<\/li><\/ol><p>Diese Cookies werden von einer Software verwendet, die feststellt, aus welchem Land Sie kommen. Sie sind v\u00f6llig anonym und werden nur zur gezielten Auswahl von Inhalten verwendet.<\/p><ol start=\"3\"><li>Cookies f\u00fcr die Registrierung<\/li><\/ol><p>Wenn Sie sich auf dieser Website registrieren, erzeugen wir ein Cookie, das uns sagt, ob Sie registriert sind oder nicht. Unsere Server verwenden diese Cookies, um uns zu zeigen, mit welchem Konto Sie registriert sind und ob Sie die Erlaubnis f\u00fcr einen bestimmten Dienst haben.<\/p><ol start=\"4\"><li>Werbe-Cookies<\/li><\/ol><p>Mit Hilfe dieser Cookies k\u00f6nnen wir feststellen, ob Sie eine Online-Werbung gesehen haben, um welche Art von Werbung es sich handelt und wie lange es her ist, dass Sie die Werbung gesehen haben. Wir verwenden diese Cookies auch, um Online-Werbung gezielt zu schalten. Wir k\u00f6nnen auch Cookies von Drittanbietern verwenden, um die Werbung besser auszurichten und z. B. Urlaubsanzeigen zu schalten, wenn der Nutzer k\u00fcrzlich einen Artikel auf der Website \u00fcber Urlaub besucht hat. Diese Cookies sind anonym, sie speichern Informationen \u00fcber den angesehenen Inhalt, nicht \u00fcber den Nutzer. Wir setzen auch anonyme Cookies \u00fcber andere Websites, auf denen wir werben. Wenn wir diese Cookies erhalten, k\u00f6nnen wir sie verwenden, um Sie als Besucher dieser Website zu erkennen, wenn Sie anschlie\u00dfend unsere Website besuchen, und wir k\u00f6nnen Ihnen auf der Grundlage dieser Informationen Werbung liefern.<\/p><ol start=\"5\"><li>Andere Cookies von Dritten<\/li><\/ol><p>Auf einigen Seiten k\u00f6nnen Dritte ihre eigenen anonymen Cookies setzen, um den Erfolg einer Anwendung zu verfolgen oder eine Anwendung zu personalisieren. Aufgrund der Art der Nutzung kann diese Website nicht auf diese Cookies zugreifen, ebenso wie Dritte nicht auf die Cookies dieser Website zugreifen k\u00f6nnen. Wenn Sie zum Beispiel einen Artikel \u00fcber die Schaltfl\u00e4che eines sozialen Netzwerks auf dieser Website teilen, wird dieses soziale Netzwerk Ihre Aktivit\u00e4t aufzeichnen.<\/p><p>Wie kann ich Cookies abstellen?<\/p><p>Die Deaktivierung und Verweigerung von Cookies kann dazu f\u00fchren, dass bestimmte Websites unbrauchbar werden oder nur schwer besucht und genutzt werden k\u00f6nnen. Au\u00dferdem bedeutet die Ablehnung von Cookies nicht, dass Sie keine Online-Werbung mehr erhalten\/sehen.<\/p><p>Sie k\u00f6nnen Ihren Browser so einstellen, dass er keine Cookies mehr annimmt, oder Sie k\u00f6nnen Ihren Browser so einstellen, dass er Cookies von einer bestimmten Website annimmt. Wenn Sie aber zum Beispiel nicht mit Cookies registriert sind, k\u00f6nnen Sie keine Kommentare hinterlassen. Alle modernen Browser bieten die M\u00f6glichkeit, die Cookie-Einstellungen zu \u00e4ndern. Diese Einstellungen befinden sich in der Regel im Men\u00fc \"Optionen\" oder \"Einstellungen\" Ihres Browsers. Um diese Einstellungen zu verstehen, k\u00f6nnen die folgenden Links n\u00fctzlich sein, andernfalls k\u00f6nnen Sie die \"Hilfe\"-Option Ihres Browsers f\u00fcr weitere Details verwenden:<\/p><ul><li><a href=\"https:\/\/support.microsoft.com\/en-us\/windows\/manage-cookies-in-microsoft-edge-view-allow-block-delete-and-use-168dab11-0753-043d-7c16-ede5947fc64d\">Cookie-Einstellungen im Internet Explorer<\/a><\/li><li><a href=\"https:\/\/support.mozilla.org\/en-US\/kb\/cookies-information-websites-store-on-your-computer?redirectlocale=en-US&amp;redirectslug=Cookies\">Cookie-Einstellungen in Firefox<\/a><\/li><li><a href=\"https:\/\/support.google.com\/chrome\/bin\/answer.py?hl=en&amp;answer=95647\">Cookie-Einstellungen in Chrome<\/a><\/li><li><a href=\"http:\/\/support.apple.com\/kb\/PH5042\">Cookie-Einstellungen in Safari<\/a><\/li><\/ul><p>Die Einstellungen f\u00fcr Cookies von Drittanbietern k\u00f6nnen Sie auch auf der Website https:\/\/www.youronlinechoices.com\/ro\/ nachlesen.<\/p><p>N\u00fctzliche Links<\/p><p>Wenn Sie mehr \u00fcber Cookies und ihre Verwendung erfahren m\u00f6chten, empfehlen wir Ihnen die folgenden Links:<\/p><p>Sie k\u00f6nnen Ihren Browser so einstellen, dass er keine Cookies mehr annimmt, oder Sie k\u00f6nnen Ihren Browser so einstellen, dass er Cookies von einer bestimmten Website annimmt. Wenn Sie aber zum Beispiel nicht mit Cookies registriert sind, k\u00f6nnen Sie keine Kommentare hinterlassen. Alle modernen Browser bieten die M\u00f6glichkeit, die Cookie-Einstellungen zu \u00e4ndern. Diese Einstellungen befinden sich in der Regel im Men\u00fc \"Optionen\" oder \"Einstellungen\" Ihres Browsers. Um diese Einstellungen zu verstehen, k\u00f6nnen die folgenden Links n\u00fctzlich sein, andernfalls k\u00f6nnen Sie die \"Hilfe\"-Option Ihres Browsers f\u00fcr weitere Details verwenden:<\/p><ul><li><a href=\"https:\/\/www.microsoft.com\/info\/cookies.mspx\">Microsoft Cookies-Leitfaden<\/a><\/li><li><a href=\"https:\/\/www.allaboutcookies.org\/\">Alles \u00fcber Cookies<\/a><\/li><\/ul><p>Der IAB Rum\u00e4nien stellt die folgende Website zur Verf\u00fcgung, um weitere Informationen \u00fcber den Datenschutz im Zusammenhang mit Online-Werbung bereitzustellen:\u00a0<a href=\"http:\/\/www.youronlinechoices.com\/ro\/\">https:\/\/www.youronlinechoices.com\/ro\/.<\/a><\/p><p>Diese Website verwendet Cookies. Wir verwenden Cookies, um Inhalte und Anzeigen zu personalisieren, Funktionen f\u00fcr soziale Netzwerke bereitzustellen und den Datenverkehr zu analysieren. Au\u00dferdem stellen wir unseren Partnern f\u00fcr soziale Netzwerke, Werbung und Analysen Informationen dar\u00fcber zur Verf\u00fcgung, wie Sie unsere Website nutzen. Sie k\u00f6nnen diese Informationen mit anderen Informationen kombinieren, die Sie uns zur Verf\u00fcgung stellen oder die wir aus Ihrer Nutzung ihrer Dienste gewinnen. Wenn Sie unsere Website weiter nutzen, erkl\u00e4ren Sie sich mit der Verwendung von Cookies einverstanden.<\/p><p>Cookies sind kleine Textdateien, die von Websites verwendet werden k\u00f6nnen, um deren Nutzung effizienter zu gestalten.<\/p><p>Das Gesetz sieht vor, dass wir Cookies auf Ihrem Ger\u00e4t speichern d\u00fcrfen, wenn sie f\u00fcr den Betrieb dieser Website unbedingt erforderlich sind. F\u00fcr alle anderen Arten von Cookies ben\u00f6tigen wir Ihre Zustimmung.<\/p><p>Diese Website verwendet verschiedene Arten von Cookies. Einige Cookies werden von Diensten Dritter gesetzt, die auf unseren Seiten erscheinen.<\/p><p>Sie k\u00f6nnen Ihre Zustimmung zu der Cookie-Erkl\u00e4rung auf unserer Website jederzeit \u00e4ndern oder widerrufen.<\/p><p>In unserer Datenschutzrichtlinie erfahren Sie mehr dar\u00fcber, wer wir sind, wie Sie uns kontaktieren k\u00f6nnen und wie wir personenbezogene Daten verarbeiten.<\/p><p>Ihre Zustimmung bezieht sich auf die folgenden Bereiche: <a href=\"https:\/\/www.sailarmada.com\">www.sailarmada.com<\/a> \/ <a href=\"https:\/\/capetan.club\/de\">www.capetan.club<\/a> \/ <a href=\"https:\/\/www.capetancharter.com\">www.capetancharter.com<\/a><\/p>\t\t\t\t\t\t\t\t<\/div>\n\t\t\t\t<\/div>\n\t\t\t\t<div class=\"elementor-element elementor-element-1435fa1 elementor-widget elementor-widget-spacer\" data-id=\"1435fa1\" data-element_type=\"widget\" data-e-type=\"widget\" data-widget_type=\"spacer.default\">\n\t\t\t\t<div class=\"elementor-widget-container\">\n\t\t\t\t\t\t\t<div class=\"elementor-spacer\">\n\t\t\t<div class=\"elementor-spacer-inner\"><\/div>\n\t\t<\/div>\n\t\t\t\t\t\t<\/div>\n\t\t\t\t<\/div>\n\t\t\t\t\t<\/div>\n\t\t<\/div>\n\t\t\t\t\t<\/div>\n\t\t<\/section>\n\t\t\t\t<\/div>","protected":false},"excerpt":{"rendered":"<p>Politica cookies Informatiile prezentate in continuare au scopul de a va aduce la cunostinta mai multe detalii despre plasarea, utilizarea si administrarea &#8222;cookie&#8221;-urilor utilizate de site-ul www.sailarmada.com \/ www.capetan.club \/ [&hellip;]<\/p>\n","protected":false},"author":2,"featured_media":0,"parent":0,"menu_order":0,"comment_status":"closed","ping_status":"closed","template":"","meta":{"_eb_attr":"","inline_featured_image":false,"footnotes":""},"class_list":["post-25785","page","type-page","status-publish","hentry"],"yoast_head":"<!-- This site is optimized with the Yoast SEO Premium plugin v20.3 (Yoast SEO v26.9) - https:\/\/yoast.com\/product\/yoast-seo-premium-wordpress\/ -->\n<title>Cookies Policy - Capetan Club<\/title>\n<meta name=\"robots\" content=\"index, follow, max-snippet:-1, max-image-preview:large, max-video-preview:-1\" \/>\n<link rel=\"canonical\" href=\"https:\/\/capetan.club\/de\/cookies-policy\/\" \/>\n<meta property=\"og:locale\" content=\"de_DE\" \/>\n<meta property=\"og:type\" content=\"article\" \/>\n<meta property=\"og:title\" content=\"Cookies Policy\" \/>\n<meta property=\"og:description\" content=\"Politica cookies Informatiile prezentate in continuare au scopul de a va aduce la cunostinta mai multe detalii despre plasarea, utilizarea si administrarea &#8222;cookie&#8221;-urilor utilizate de site-ul www.sailarmada.com \/ www.capetan.club \/ [&hellip;]\" \/>\n<meta property=\"og:url\" content=\"https:\/\/capetan.club\/de\/cookies-policy\/\" \/>\n<meta property=\"og:site_name\" content=\"Capetan Club\" \/>\n<meta property=\"article:publisher\" content=\"https:\/\/facebook.com\/capetan.club\" \/>\n<meta property=\"article:modified_time\" content=\"2024-11-26T10:26:53+00:00\" \/>\n<meta name=\"twitter:card\" content=\"summary_large_image\" \/>\n<meta name=\"twitter:label1\" content=\"Gesch\u00e4tzte Lesezeit\" \/>\n\t<meta name=\"twitter:data1\" content=\"9\u00a0Minuten\" \/>\n<script type=\"application\/ld+json\" class=\"yoast-schema-graph\">{\"@context\":\"https:\/\/schema.org\",\"@graph\":[{\"@type\":\"WebPage\",\"@id\":\"https:\/\/capetan.club\/cookies-policy\/\",\"url\":\"https:\/\/capetan.club\/cookies-policy\/\",\"name\":\"Cookies Policy - Capetan Club\",\"isPartOf\":{\"@id\":\"https:\/\/capetan.club\/el\/#website\"},\"datePublished\":\"2023-09-29T15:35:34+00:00\",\"dateModified\":\"2024-11-26T10:26:53+00:00\",\"breadcrumb\":{\"@id\":\"https:\/\/capetan.club\/cookies-policy\/#breadcrumb\"},\"inLanguage\":\"de\",\"potentialAction\":[{\"@type\":\"ReadAction\",\"target\":[\"https:\/\/capetan.club\/cookies-policy\/\"]}]},{\"@type\":\"BreadcrumbList\",\"@id\":\"https:\/\/capetan.club\/cookies-policy\/#breadcrumb\",\"itemListElement\":[{\"@type\":\"ListItem\",\"position\":1,\"name\":\"Home\",\"item\":\"https:\/\/capetan.club\/\"},{\"@type\":\"ListItem\",\"position\":2,\"name\":\"Cookies Policy\"}]},{\"@type\":\"WebSite\",\"@id\":\"https:\/\/capetan.club\/el\/#website\",\"url\":\"https:\/\/capetan.club\/el\/\",\"name\":\"Capetan Club\",\"description\":\"Skipers&#039; Elite\",\"publisher\":{\"@id\":\"https:\/\/capetan.club\/el\/#organization\"},\"potentialAction\":[{\"@type\":\"SearchAction\",\"target\":{\"@type\":\"EntryPoint\",\"urlTemplate\":\"https:\/\/capetan.club\/el\/?s={search_term_string}\"},\"query-input\":{\"@type\":\"PropertyValueSpecification\",\"valueRequired\":true,\"valueName\":\"search_term_string\"}}],\"inLanguage\":\"de\"},{\"@type\":\"Organization\",\"@id\":\"https:\/\/capetan.club\/el\/#organization\",\"name\":\"Capetan\",\"url\":\"https:\/\/capetan.club\/el\/\",\"logo\":{\"@type\":\"ImageObject\",\"inLanguage\":\"de\",\"@id\":\"https:\/\/capetan.club\/el\/#\/schema\/logo\/image\/\",\"url\":\"https:\/\/capetan.club\/wp-content\/uploads\/2022\/03\/Badge.png\",\"contentUrl\":\"https:\/\/capetan.club\/wp-content\/uploads\/2022\/03\/Badge.png\",\"width\":282,\"height\":282,\"caption\":\"Capetan\"},\"image\":{\"@id\":\"https:\/\/capetan.club\/el\/#\/schema\/logo\/image\/\"},\"sameAs\":[\"https:\/\/facebook.com\/capetan.club\",\"https:\/\/www.instagram.com\/capetan.club\/\"]}]}<\/script>\n<!-- \/ Yoast SEO Premium plugin. -->","yoast_head_json":{"title":"Cookies-Richtlinie - Capetan Club","robots":{"index":"index","follow":"follow","max-snippet":"max-snippet:-1","max-image-preview":"max-image-preview:large","max-video-preview":"max-video-preview:-1"},"canonical":"https:\/\/capetan.club\/de\/cookies-policy\/","og_locale":"de_DE","og_type":"article","og_title":"Cookies Policy","og_description":"Politica cookies Informatiile prezentate in continuare au scopul de a va aduce la cunostinta mai multe detalii despre plasarea, utilizarea si administrarea &#8222;cookie&#8221;-urilor utilizate de site-ul www.sailarmada.com \/ www.capetan.club \/ [&hellip;]","og_url":"https:\/\/capetan.club\/de\/cookies-policy\/","og_site_name":"Capetan Club","article_publisher":"https:\/\/facebook.com\/capetan.club","article_modified_time":"2024-11-26T10:26:53+00:00","twitter_card":"summary_large_image","twitter_misc":{"Gesch\u00e4tzte Lesezeit":"9\u00a0Minuten"},"schema":{"@context":"https:\/\/schema.org","@graph":[{"@type":"WebPage","@id":"https:\/\/capetan.club\/cookies-policy\/","url":"https:\/\/capetan.club\/cookies-policy\/","name":"Cookies-Richtlinie - Capetan Club","isPartOf":{"@id":"https:\/\/capetan.club\/el\/#website"},"datePublished":"2023-09-29T15:35:34+00:00","dateModified":"2024-11-26T10:26:53+00:00","breadcrumb":{"@id":"https:\/\/capetan.club\/cookies-policy\/#breadcrumb"},"inLanguage":"de","potentialAction":[{"@type":"ReadAction","target":["https:\/\/capetan.club\/cookies-policy\/"]}]},{"@type":"BreadcrumbList","@id":"https:\/\/capetan.club\/cookies-policy\/#breadcrumb","itemListElement":[{"@type":"ListItem","position":1,"name":"Home","item":"https:\/\/capetan.club\/"},{"@type":"ListItem","position":2,"name":"Cookies Policy"}]},{"@type":"WebSite","@id":"https:\/\/capetan.club\/el\/#website","url":"https:\/\/capetan.club\/el\/","name":"Kapetanischer Club","description":"Skipers&#039; Elite","publisher":{"@id":"https:\/\/capetan.club\/el\/#organization"},"potentialAction":[{"@type":"SearchAction","target":{"@type":"EntryPoint","urlTemplate":"https:\/\/capetan.club\/el\/?s={search_term_string}"},"query-input":{"@type":"PropertyValueSpecification","valueRequired":true,"valueName":"search_term_string"}}],"inLanguage":"de"},{"@type":"Organization","@id":"https:\/\/capetan.club\/el\/#organization","name":"Kapetan","url":"https:\/\/capetan.club\/el\/","logo":{"@type":"ImageObject","inLanguage":"de","@id":"https:\/\/capetan.club\/el\/#\/schema\/logo\/image\/","url":"https:\/\/capetan.club\/wp-content\/uploads\/2022\/03\/Badge.png","contentUrl":"https:\/\/capetan.club\/wp-content\/uploads\/2022\/03\/Badge.png","width":282,"height":282,"caption":"Capetan"},"image":{"@id":"https:\/\/capetan.club\/el\/#\/schema\/logo\/image\/"},"sameAs":["https:\/\/facebook.com\/capetan.club","https:\/\/www.instagram.com\/capetan.club\/"]}]}},"_links":{"self":[{"href":"https:\/\/capetan.club\/de\/wp-json\/wp\/v2\/pages\/25785","targetHints":{"allow":["GET"]}}],"collection":[{"href":"https:\/\/capetan.club\/de\/wp-json\/wp\/v2\/pages"}],"about":[{"href":"https:\/\/capetan.club\/de\/wp-json\/wp\/v2\/types\/page"}],"author":[{"embeddable":true,"href":"https:\/\/capetan.club\/de\/wp-json\/wp\/v2\/users\/2"}],"replies":[{"embeddable":true,"href":"https:\/\/capetan.club\/de\/wp-json\/wp\/v2\/comments?post=25785"}],"version-history":[{"count":0,"href":"https:\/\/capetan.club\/de\/wp-json\/wp\/v2\/pages\/25785\/revisions"}],"wp:attachment":[{"href":"https:\/\/capetan.club\/de\/wp-json\/wp\/v2\/media?parent=25785"}],"curies":[{"name":"wp","href":"https:\/\/api.w.org\/{rel}","templated":true}]}}