{"id":25726,"date":"2023-09-21T16:38:15","date_gmt":"2023-09-21T13:38:15","guid":{"rendered":"https:\/\/capetan.club\/?page_id=25726"},"modified":"2025-10-21T00:21:29","modified_gmt":"2025-10-20T21:21:29","slug":"intalnire-bucuresti","status":"publish","type":"page","link":"https:\/\/capetan.club\/de\/intalnire-bucuresti\/","title":{"rendered":"Capetan Jahrestagung 28. November Bukarest"},"content":{"rendered":"\t\t<div data-elementor-type=\"wp-page\" data-elementor-id=\"25726\" class=\"elementor elementor-25726\" data-elementor-post-type=\"page\">\n\t\t\t\t\t\t<section data-particle_enable=\"false\" data-particle-mobile-disabled=\"false\" class=\"elementor-section elementor-top-section elementor-element elementor-element-f3d277e elementor-section-boxed elementor-section-height-default elementor-section-height-default\" data-id=\"f3d277e\" data-element_type=\"section\" data-e-type=\"section\">\n\t\t\t\t\t\t<div class=\"elementor-container elementor-column-gap-default\">\n\t\t\t\t\t<div class=\"elementor-column elementor-col-100 elementor-top-column elementor-element elementor-element-82e3d4f\" data-id=\"82e3d4f\" data-element_type=\"column\" data-e-type=\"column\">\n\t\t\t<div class=\"elementor-widget-wrap elementor-element-populated\">\n\t\t\t\t\t\t<div class=\"elementor-element elementor-element-42550d3 elementor-widget elementor-widget-heading\" data-id=\"42550d3\" data-element_type=\"widget\" data-e-type=\"widget\" data-widget_type=\"heading.default\">\n\t\t\t\t<div class=\"elementor-widget-container\">\n\t\t\t\t\t<h2 class=\"elementor-heading-title elementor-size-default\">\u00cent\u00e2lnirea anual\u0103 Capetan 28 Noiembrie Bucuresti<\/h2>\t\t\t\t<\/div>\n\t\t\t\t<\/div>\n\t\t\t\t<div class=\"elementor-element elementor-element-efa3fa8 elementor-widget-divider--separator-type-pattern elementor-widget-divider--no-spacing elementor-widget-divider--view-line elementor-widget elementor-widget-divider\" data-id=\"efa3fa8\" data-element_type=\"widget\" data-e-type=\"widget\" data-widget_type=\"divider.default\">\n\t\t\t\t<div class=\"elementor-widget-container\">\n\t\t\t\t\t\t\t<div class=\"elementor-divider\" style=\"--divider-pattern-url: url(&quot;data:image\/svg+xml,%3Csvg xmlns=&#039;http:\/\/www.w3.org\/2000\/svg&#039; preserveAspectRatio=&#039;xMidYMid meet&#039; overflow=&#039;visible&#039; height=&#039;100%&#039; viewBox=&#039;0 0 126 26&#039; fill=&#039;black&#039; stroke=&#039;none&#039;%3E%3Cpath d=&#039;M3,10.2c2.6,0,2.6,2,2.6,3.2S4.4,16.5,3,16.5s-3-1.4-3-3.2S0.4,10.2,3,10.2z M18.8,10.2c1.7,0,3.2,1.4,3.2,3.2s-1.4,3.2-3.2,3.2c-1.7,0-3.2-1.4-3.2-3.2S17,10.2,18.8,10.2z M34.6,10.2c1.5,0,2.6,1.4,2.6,3.2s-0.5,3.2-1.9,3.2c-1.5,0-3.4-1.4-3.4-3.2S33.1,10.2,34.6,10.2z M50.5,10.2c1.7,0,3.2,1.4,3.2,3.2s-1.4,3.2-3.2,3.2c-1.7,0-3.3-0.9-3.3-2.6S48.7,10.2,50.5,10.2z M66.2,10.2c1.5,0,3.4,1.4,3.4,3.2s-1.9,3.2-3.4,3.2c-1.5,0-2.6-0.4-2.6-2.1S64.8,10.2,66.2,10.2z M82.2,10.2c1.7,0.8,2.6,1.4,2.6,3.2s-0.1,3.2-1.6,3.2c-1.5,0-3.7-1.4-3.7-3.2S80.5,9.4,82.2,10.2zM98.6,10.2c1.5,0,2.6,0.4,2.6,2.1s-1.2,4.2-2.6,4.2c-1.5,0-3.7-0.4-3.7-2.1S97.1,10.2,98.6,10.2z M113.4,10.2c1.2,0,2.2,0.9,2.2,3.2s-0.1,3.2-1.3,3.2s-3.1-1.4-3.1-3.2S112.2,10.2,113.4,10.2z&#039;\/%3E%3C\/svg%3E&quot;);\">\n\t\t\t<span class=\"elementor-divider-separator\">\n\t\t\t\t\t\t<\/span>\n\t\t<\/div>\n\t\t\t\t\t\t<\/div>\n\t\t\t\t<\/div>\n\t\t\t\t\t<\/div>\n\t\t<\/div>\n\t\t\t\t\t<\/div>\n\t\t<\/section>\n\t\t\t\t<section data-particle_enable=\"false\" data-particle-mobile-disabled=\"false\" class=\"elementor-section elementor-top-section elementor-element elementor-element-a134cfb elementor-section-boxed elementor-section-height-default elementor-section-height-default\" data-id=\"a134cfb\" data-element_type=\"section\" data-e-type=\"section\">\n\t\t\t\t\t\t<div class=\"elementor-container elementor-column-gap-default\">\n\t\t\t\t\t<div class=\"elementor-column elementor-col-50 elementor-top-column elementor-element elementor-element-dcae29e\" data-id=\"dcae29e\" data-element_type=\"column\" data-e-type=\"column\">\n\t\t\t<div class=\"elementor-widget-wrap elementor-element-populated\">\n\t\t\t\t\t\t<div class=\"elementor-element elementor-element-f64ac62 elementor-widget elementor-widget-text-editor\" data-id=\"f64ac62\" data-element_type=\"widget\" data-e-type=\"widget\" data-widget_type=\"text-editor.default\">\n\t\t\t\t<div class=\"elementor-widget-container\">\n\t\t\t\t\t\t\t\t\t<p>Salutare tuturor!<\/p><p>Ne bucur\u0103m s\u0103 ne revedem!<\/p><p>Pentru a participa la \u00eent\u00e2lnirea anual\u0103 Capetan din <b>28 Noiembrie<\/b>, care va avea loc la <b>Echoes Haus Bucure\u0219ti<\/b>, trebuie s\u0103 parcurgi urm\u0103torul pas:<\/p><p>Te rug\u0103m s\u0103 te \u00eenscrii aici c\u00e2t mai cur\u00e2nd. Locurile sunt limitate \u0219i avem nevoie de \u00eenscrierea ta pentru a organiza totul corespunz\u0103tor (locurile in local sunt limitate).<\/p>\t\t\t\t\t\t\t\t<\/div>\n\t\t\t\t<\/div>\n\t\t\t\t<div class=\"elementor-element elementor-element-dfcc89d elementor-widget elementor-widget-shortcode\" data-id=\"dfcc89d\" data-element_type=\"widget\" data-e-type=\"widget\" data-widget_type=\"shortcode.default\">\n\t\t\t\t<div class=\"elementor-widget-container\">\n\t\t\t\t\t\t\t<div class=\"elementor-shortcode\"><div class='fluentform ff-default fluentform_wrapper_15 ffs_default_wrap'><form data-form_id=\"15\" id=\"fluentform_15\" class=\"frm-fluent-form fluent_form_15 ff-el-form-top ff_form_instance_15_1 ff-form-loading ffs_default\" data-form_instance=\"ff_form_instance_15_1\" method=\"POST\" ><fieldset  style=\"border: none!important;margin: 0!important;padding: 0!important;background-color: transparent!important;box-shadow: none!important;outline: none!important; min-inline-size: 100%;\">\n                    <legend class=\"ff_screen_reader_title\" style=\"display: block; margin: 0!important;padding: 0!important;height: 0!important;text-indent: -999999px;width: 0!important;overflow:hidden;\">Inscriere Capetan Annual Meeting 2025 bucuresti<\/legend>        <div\n                style=\"display: none!important; position: absolute!important; transform: translateX(1000%)!important;\"\n                class=\"ff-el-group ff-hpsf-container\"\n        >\n            <div class=\"ff-el-input--label asterisk-right\">\n                <label for=\"ff_15_item_sf\" aria-label=\"Newsletter\">\n                    Newsletter                <\/label>\n            <\/div>\n            <div class=\"ff-el-input--content\">\n                <input type=\"text\"\n                       name=\"item_15__fluent_sf\"\n                       class=\"ff-el-form-control\"\n                       id=\"ff_15_item_sf\"\n                \/>\n            <\/div>\n        <\/div>\n        <input type='hidden' name='__fluent_form_embded_post_id' value='25726' \/><input type=\"hidden\" id=\"_fluentform_15_fluentformnonce\" name=\"_fluentform_15_fluentformnonce\" value=\"cbed7f0438\" \/><input type=\"hidden\" name=\"_wp_http_referer\" value=\"\/de\/wp-json\/wp\/v2\/pages\/25726\" \/><div data-type=\"name-element\" data-name=\"names\" class=\" ff-field_container ff-name-field-wrapper\" ><div class='ff-t-container'><div class='ff-t-cell '><div class='ff-el-group  ff-el-form-top'><div class=\"ff-el-input--label ff-el-is-required asterisk-right\"><label for='ff_15_names_first_name_' id='label_ff_15_names_first_name_' >First Name<\/label><\/div><div class='ff-el-input--content'><input type=\"text\" name=\"names[first_name]\" id=\"ff_15_names_first_name_\" class=\"ff-el-form-control\" placeholder=\"First Name\" aria-invalid=\"false\" aria-required=true><\/div><\/div><\/div><div class='ff-t-cell '><div class='ff-el-group  ff-el-form-top'><div class=\"ff-el-input--label ff-el-is-required asterisk-right\"><label for='ff_15_names_last_name_' id='label_ff_15_names_last_name_' >Last Name<\/label><\/div><div class='ff-el-input--content'><input type=\"text\" name=\"names[last_name]\" id=\"ff_15_names_last_name_\" class=\"ff-el-form-control\" placeholder=\"Last Name\" aria-invalid=\"false\" aria-required=true><\/div><\/div><\/div><\/div><\/div><div class='ff-el-group'><div class=\"ff-el-input--label ff-el-is-required asterisk-right\"><label for='ff_15_email' id='label_ff_15_email' aria-label=\"Email\">Email<\/label><\/div><div class='ff-el-input--content'><input type=\"email\" name=\"email\" id=\"ff_15_email\" class=\"ff-el-form-control\" placeholder=\"Email Address\" data-name=\"email\"  aria-invalid=\"false\" aria-required=true><\/div><\/div><div class='ff-el-group'><div class=\"ff-el-input--label ff-el-is-required asterisk-right\"><label for='ff_15_dropdown' id='label_ff_15_dropdown' aria-label=\"How many friends?\">How many friends?<\/label><\/div><div class='ff-el-input--content'><select name=\"dropdown\" id=\"ff_15_dropdown\" class=\"ff-el-form-control\" data-name=\"dropdown\" data-calc_value=\"0\"  aria-invalid=\"false\" aria-required=\"true\" aria-labelledby=\"label_ff_15_dropdown\"><option value=\"\">- Select -<\/option><option value=\"only me\"  >only me<\/option><option value=\"1\"  >1<\/option><option value=\"2\"  >2<\/option><option value=\"3\"  >3<\/option><option value=\"4\"  >4<\/option><\/select><\/div><\/div><div class='ff-el-group ff-text-left ff_submit_btn_wrapper'><button type=\"submit\" class=\"ff-btn ff-btn-submit ff-btn-md ff_btn_style\"  aria-label=\"Submit Form\">Submit Form<\/button><\/div><\/fieldset><\/form><div id='fluentform_15_errors' class='ff-errors-in-stack ff_form_instance_15_1 ff-form-loading_errors ff_form_instance_15_1_errors'><\/div><\/div>            <script type=\"text\/javascript\">\n                window.fluent_form_ff_form_instance_15_1 = {\"id\":\"15\",\"settings\":{\"layout\":{\"labelPlacement\":\"top\",\"helpMessagePlacement\":\"with_label\",\"errorMessagePlacement\":\"inline\"},\"restrictions\":{\"denyEmptySubmission\":{\"enabled\":false}}},\"form_instance\":\"ff_form_instance_15_1\",\"form_id_selector\":\"fluentform_15\",\"rules\":{\"names[first_name]\":{\"required\":{\"value\":true,\"message\":\"This field is required\",\"global\":false,\"global_message\":\"This field is required\"}},\"names[middle_name]\":{\"required\":{\"value\":false,\"message\":\"This field is required\",\"global\":false,\"global_message\":\"This field is required\"}},\"names[last_name]\":{\"required\":{\"value\":true,\"message\":\"This field is required\",\"global\":false,\"global_message\":\"This field is required\"}},\"email\":{\"required\":{\"value\":true,\"message\":\"This field is required\",\"global\":false,\"global_message\":\"This field is required\"},\"email\":{\"value\":true,\"message\":\"This field must contain a valid email\",\"global\":false,\"global_message\":\"This field must contain a valid email\"}},\"dropdown\":{\"required\":{\"value\":true,\"message\":\"This field is required\",\"global\":false,\"global_message\":\"This field is required\"}}},\"debounce_time\":300};\n                            <\/script>\n            <\/div>\n\t\t\t\t\t\t<\/div>\n\t\t\t\t<\/div>\n\t\t\t\t<div class=\"elementor-element elementor-element-456aea0 elementor-share-buttons--view-icon-text elementor-share-buttons--skin-gradient elementor-share-buttons--shape-square elementor-grid-0 elementor-share-buttons--color-official elementor-widget elementor-widget-share-buttons\" data-id=\"456aea0\" data-element_type=\"widget\" data-e-type=\"widget\" data-widget_type=\"share-buttons.default\">\n\t\t\t\t<div class=\"elementor-widget-container\">\n\t\t\t\t\t\t\t<div class=\"elementor-grid\" role=\"list\">\n\t\t\t\t\t\t\t\t<div class=\"elementor-grid-item\" role=\"listitem\">\n\t\t\t\t\t\t<div class=\"elementor-share-btn elementor-share-btn_whatsapp\" role=\"button\" tabindex=\"0\" aria-label=\"Partager sur whatsapp\">\n\t\t\t\t\t\t\t\t\t\t\t\t\t\t\t<span class=\"elementor-share-btn__icon\">\n\t\t\t\t\t\t\t\t<i class=\"fab fa-whatsapp\" aria-hidden=\"true\"><\/i>\t\t\t\t\t\t\t<\/span>\n\t\t\t\t\t\t\t\t\t\t\t\t\t\t\t\t\t\t\t\t\t\t<div class=\"elementor-share-btn__text\">\n\t\t\t\t\t\t\t\t\t\t\t\t\t\t\t\t\t\t\t<span class=\"elementor-share-btn__title\">\n\t\t\t\t\t\t\t\t\t\tWhatsApp\t\t\t\t\t\t\t\t\t<\/span>\n\t\t\t\t\t\t\t\t\t\t\t\t\t\t\t\t\t<\/div>\n\t\t\t\t\t\t\t\t\t\t\t\t\t<\/div>\n\t\t\t\t\t<\/div>\n\t\t\t\t\t\t\t\t\t<div class=\"elementor-grid-item\" role=\"listitem\">\n\t\t\t\t\t\t<div class=\"elementor-share-btn elementor-share-btn_email\" role=\"button\" tabindex=\"0\" aria-label=\"Partager sur email\">\n\t\t\t\t\t\t\t\t\t\t\t\t\t\t\t<span class=\"elementor-share-btn__icon\">\n\t\t\t\t\t\t\t\t<i class=\"fas fa-envelope\" aria-hidden=\"true\"><\/i>\t\t\t\t\t\t\t<\/span>\n\t\t\t\t\t\t\t\t\t\t\t\t\t\t\t\t\t\t\t\t\t\t<div class=\"elementor-share-btn__text\">\n\t\t\t\t\t\t\t\t\t\t\t\t\t\t\t\t\t\t\t<span class=\"elementor-share-btn__title\">\n\t\t\t\t\t\t\t\t\t\tEmail\t\t\t\t\t\t\t\t\t<\/span>\n\t\t\t\t\t\t\t\t\t\t\t\t\t\t\t\t\t<\/div>\n\t\t\t\t\t\t\t\t\t\t\t\t\t<\/div>\n\t\t\t\t\t<\/div>\n\t\t\t\t\t\t\t\t\t<div class=\"elementor-grid-item\" role=\"listitem\">\n\t\t\t\t\t\t<div class=\"elementor-share-btn elementor-share-btn_telegram\" role=\"button\" tabindex=\"0\" aria-label=\"Partager sur telegram\">\n\t\t\t\t\t\t\t\t\t\t\t\t\t\t\t<span class=\"elementor-share-btn__icon\">\n\t\t\t\t\t\t\t\t<i class=\"fab fa-telegram\" aria-hidden=\"true\"><\/i>\t\t\t\t\t\t\t<\/span>\n\t\t\t\t\t\t\t\t\t\t\t\t\t\t\t\t\t\t\t\t\t\t<div class=\"elementor-share-btn__text\">\n\t\t\t\t\t\t\t\t\t\t\t\t\t\t\t\t\t\t\t<span class=\"elementor-share-btn__title\">\n\t\t\t\t\t\t\t\t\t\tTelegram\t\t\t\t\t\t\t\t\t<\/span>\n\t\t\t\t\t\t\t\t\t\t\t\t\t\t\t\t\t<\/div>\n\t\t\t\t\t\t\t\t\t\t\t\t\t<\/div>\n\t\t\t\t\t<\/div>\n\t\t\t\t\t\t<\/div>\n\t\t\t\t\t\t<\/div>\n\t\t\t\t<\/div>\n\t\t\t\t\t<\/div>\n\t\t<\/div>\n\t\t\t\t<div class=\"elementor-column elementor-col-50 elementor-top-column elementor-element elementor-element-fb1e8b8\" data-id=\"fb1e8b8\" data-element_type=\"column\" data-e-type=\"column\">\n\t\t\t<div class=\"elementor-widget-wrap elementor-element-populated\">\n\t\t\t\t\t\t<div class=\"elementor-element elementor-element-84fc768 elementor-widget elementor-widget-heading\" data-id=\"84fc768\" data-element_type=\"widget\" data-e-type=\"widget\" data-widget_type=\"heading.default\">\n\t\t\t\t<div class=\"elementor-widget-container\">\n\t\t\t\t\t<h1 class=\"elementor-heading-title elementor-size-default\">Unde ne vedem?<\/h1>\t\t\t\t<\/div>\n\t\t\t\t<\/div>\n\t\t\t\t<div class=\"elementor-element elementor-element-3e8486e elementor-widget elementor-widget-text-editor\" data-id=\"3e8486e\" data-element_type=\"widget\" data-e-type=\"widget\" data-widget_type=\"text-editor.default\">\n\t\t\t\t<div class=\"elementor-widget-container\">\n\t\t\t\t\t\t\t\t\t<p>Echoes Haus<\/p><p>Strada Dianei 11, Bucure\u0219ti<\/p>\t\t\t\t\t\t\t\t<\/div>\n\t\t\t\t<\/div>\n\t\t\t\t<div class=\"elementor-element elementor-element-c55678a elementor-widget elementor-widget-heading\" data-id=\"c55678a\" data-element_type=\"widget\" data-e-type=\"widget\" data-widget_type=\"heading.default\">\n\t\t\t\t<div class=\"elementor-widget-container\">\n\t\t\t\t\t<h1 class=\"elementor-heading-title elementor-size-default\">C\u00e2nd ne vedem?<\/h1>\t\t\t\t<\/div>\n\t\t\t\t<\/div>\n\t\t\t\t<div class=\"elementor-element elementor-element-68b83e5 elementor-widget elementor-widget-text-editor\" data-id=\"68b83e5\" data-element_type=\"widget\" data-e-type=\"widget\" data-widget_type=\"text-editor.default\">\n\t\t\t\t<div class=\"elementor-widget-container\">\n\t\t\t\t\t\t\t\t\t<div id=\"model-response-message-contentr_feb66dfc6052f2e1\" class=\"markdown markdown-main-panel stronger enable-updated-hr-color\" dir=\"ltr\"><p><b>\u00eencep\u00e2nd cu orele 19:00<\/b><\/p><\/div>\t\t\t\t\t\t\t\t<\/div>\n\t\t\t\t<\/div>\n\t\t\t\t<div class=\"elementor-element elementor-element-905eebf elementor-widget elementor-widget-google_maps\" data-id=\"905eebf\" data-element_type=\"widget\" data-e-type=\"widget\" data-widget_type=\"google_maps.default\">\n\t\t\t\t<div class=\"elementor-widget-container\">\n\t\t\t\t\t\t\t<div class=\"elementor-custom-embed\">\n\t\t\t<iframe loading=\"lazy\"\n\t\t\t\t\tsrc=\"https:\/\/maps.google.com\/maps?q=Echoes%20haus&#038;t=m&#038;z=14&#038;output=embed&#038;iwloc=near\"\n\t\t\t\t\ttitle=\"Echoes haus\"\n\t\t\t\t\taria-label=\"Echoes haus\"\n\t\t\t><\/iframe>\n\t\t<\/div>\n\t\t\t\t\t\t<\/div>\n\t\t\t\t<\/div>\n\t\t\t\t\t<\/div>\n\t\t<\/div>\n\t\t\t\t\t<\/div>\n\t\t<\/section>\n\t\t\t\t<\/div>\n\t\t","protected":false},"excerpt":{"rendered":"<p>\u00cent\u00e2lnirea anual\u0103 Capetan 28 Noiembrie Bucuresti Salutare tuturor! Ne bucur\u0103m s\u0103 ne revedem! Pentru a participa la \u00eent\u00e2lnirea anual\u0103 Capetan din 28 Noiembrie, care va avea loc la Echoes Haus [&hellip;]<\/p>\n","protected":false},"author":2,"featured_media":0,"parent":0,"menu_order":0,"comment_status":"closed","ping_status":"closed","template":"","meta":{"_eb_attr":"","inline_featured_image":false,"footnotes":""},"class_list":["post-25726","page","type-page","status-publish","hentry"],"yoast_head":"<!-- This site is optimized with the Yoast SEO Premium plugin v20.3 (Yoast SEO v26.9) - https:\/\/yoast.com\/product\/yoast-seo-premium-wordpress\/ -->\n<title>\u00cent\u00e2lnirea anual\u0103 Capetan 28 Noiembrie Bucuresti - Capetan Club<\/title>\n<meta name=\"robots\" content=\"index, follow, max-snippet:-1, max-image-preview:large, max-video-preview:-1\" \/>\n<link rel=\"canonical\" href=\"https:\/\/capetan.club\/de\/intalnire-bucuresti\/\" \/>\n<meta property=\"og:locale\" content=\"de_DE\" \/>\n<meta property=\"og:type\" content=\"article\" \/>\n<meta property=\"og:title\" content=\"\u00cent\u00e2lnirea anual\u0103 Capetan 28 Noiembrie Bucuresti\" \/>\n<meta property=\"og:description\" content=\"\u00cent\u00e2lnirea anual\u0103 Capetan 28 Noiembrie Bucuresti Salutare tuturor! Ne bucur\u0103m s\u0103 ne revedem! Pentru a participa la \u00eent\u00e2lnirea anual\u0103 Capetan din 28 Noiembrie, care va avea loc la Echoes Haus [&hellip;]\" \/>\n<meta property=\"og:url\" content=\"https:\/\/capetan.club\/de\/intalnire-bucuresti\/\" \/>\n<meta property=\"og:site_name\" content=\"Capetan Club\" \/>\n<meta property=\"article:publisher\" content=\"https:\/\/facebook.com\/capetan.club\" \/>\n<meta property=\"article:modified_time\" content=\"2025-10-20T21:21:29+00:00\" \/>\n<meta name=\"twitter:card\" content=\"summary_large_image\" \/>\n<script type=\"application\/ld+json\" class=\"yoast-schema-graph\">{\"@context\":\"https:\/\/schema.org\",\"@graph\":[{\"@type\":\"WebPage\",\"@id\":\"https:\/\/capetan.club\/intalnire-bucuresti\/\",\"url\":\"https:\/\/capetan.club\/intalnire-bucuresti\/\",\"name\":\"\u00cent\u00e2lnirea anual\u0103 Capetan 28 Noiembrie Bucuresti - Capetan Club\",\"isPartOf\":{\"@id\":\"https:\/\/capetan.club\/el\/#website\"},\"datePublished\":\"2023-09-21T13:38:15+00:00\",\"dateModified\":\"2025-10-20T21:21:29+00:00\",\"breadcrumb\":{\"@id\":\"https:\/\/capetan.club\/intalnire-bucuresti\/#breadcrumb\"},\"inLanguage\":\"de\",\"potentialAction\":[{\"@type\":\"ReadAction\",\"target\":[\"https:\/\/capetan.club\/intalnire-bucuresti\/\"]}]},{\"@type\":\"BreadcrumbList\",\"@id\":\"https:\/\/capetan.club\/intalnire-bucuresti\/#breadcrumb\",\"itemListElement\":[{\"@type\":\"ListItem\",\"position\":1,\"name\":\"Home\",\"item\":\"https:\/\/capetan.club\/\"},{\"@type\":\"ListItem\",\"position\":2,\"name\":\"\u00cent\u00e2lnirea anual\u0103 Capetan 28 Noiembrie Bucuresti\"}]},{\"@type\":\"WebSite\",\"@id\":\"https:\/\/capetan.club\/el\/#website\",\"url\":\"https:\/\/capetan.club\/el\/\",\"name\":\"Capetan Club\",\"description\":\"Skipers&#039; Elite\",\"publisher\":{\"@id\":\"https:\/\/capetan.club\/el\/#organization\"},\"potentialAction\":[{\"@type\":\"SearchAction\",\"target\":{\"@type\":\"EntryPoint\",\"urlTemplate\":\"https:\/\/capetan.club\/el\/?s={search_term_string}\"},\"query-input\":{\"@type\":\"PropertyValueSpecification\",\"valueRequired\":true,\"valueName\":\"search_term_string\"}}],\"inLanguage\":\"de\"},{\"@type\":\"Organization\",\"@id\":\"https:\/\/capetan.club\/el\/#organization\",\"name\":\"Capetan\",\"url\":\"https:\/\/capetan.club\/el\/\",\"logo\":{\"@type\":\"ImageObject\",\"inLanguage\":\"de\",\"@id\":\"https:\/\/capetan.club\/el\/#\/schema\/logo\/image\/\",\"url\":\"https:\/\/capetan.club\/wp-content\/uploads\/2022\/03\/Badge.png\",\"contentUrl\":\"https:\/\/capetan.club\/wp-content\/uploads\/2022\/03\/Badge.png\",\"width\":282,\"height\":282,\"caption\":\"Capetan\"},\"image\":{\"@id\":\"https:\/\/capetan.club\/el\/#\/schema\/logo\/image\/\"},\"sameAs\":[\"https:\/\/facebook.com\/capetan.club\",\"https:\/\/www.instagram.com\/capetan.club\/\"]}]}<\/script>\n<!-- \/ Yoast SEO Premium plugin. -->","yoast_head_json":{"title":"Capetan Jahrestagung 28. November Bukarest - Capetan Club","robots":{"index":"index","follow":"follow","max-snippet":"max-snippet:-1","max-image-preview":"max-image-preview:large","max-video-preview":"max-video-preview:-1"},"canonical":"https:\/\/capetan.club\/de\/intalnire-bucuresti\/","og_locale":"de_DE","og_type":"article","og_title":"\u00cent\u00e2lnirea anual\u0103 Capetan 28 Noiembrie Bucuresti","og_description":"\u00cent\u00e2lnirea anual\u0103 Capetan 28 Noiembrie Bucuresti Salutare tuturor! Ne bucur\u0103m s\u0103 ne revedem! Pentru a participa la \u00eent\u00e2lnirea anual\u0103 Capetan din 28 Noiembrie, care va avea loc la Echoes Haus [&hellip;]","og_url":"https:\/\/capetan.club\/de\/intalnire-bucuresti\/","og_site_name":"Capetan Club","article_publisher":"https:\/\/facebook.com\/capetan.club","article_modified_time":"2025-10-20T21:21:29+00:00","twitter_card":"summary_large_image","schema":{"@context":"https:\/\/schema.org","@graph":[{"@type":"WebPage","@id":"https:\/\/capetan.club\/intalnire-bucuresti\/","url":"https:\/\/capetan.club\/intalnire-bucuresti\/","name":"Capetan Jahrestagung 28. November Bukarest - Capetan Club","isPartOf":{"@id":"https:\/\/capetan.club\/el\/#website"},"datePublished":"2023-09-21T13:38:15+00:00","dateModified":"2025-10-20T21:21:29+00:00","breadcrumb":{"@id":"https:\/\/capetan.club\/intalnire-bucuresti\/#breadcrumb"},"inLanguage":"de","potentialAction":[{"@type":"ReadAction","target":["https:\/\/capetan.club\/intalnire-bucuresti\/"]}]},{"@type":"BreadcrumbList","@id":"https:\/\/capetan.club\/intalnire-bucuresti\/#breadcrumb","itemListElement":[{"@type":"ListItem","position":1,"name":"Home","item":"https:\/\/capetan.club\/"},{"@type":"ListItem","position":2,"name":"\u00cent\u00e2lnirea anual\u0103 Capetan 28 Noiembrie Bucuresti"}]},{"@type":"WebSite","@id":"https:\/\/capetan.club\/el\/#website","url":"https:\/\/capetan.club\/el\/","name":"Kapetanischer Club","description":"Skipers&#039; Elite","publisher":{"@id":"https:\/\/capetan.club\/el\/#organization"},"potentialAction":[{"@type":"SearchAction","target":{"@type":"EntryPoint","urlTemplate":"https:\/\/capetan.club\/el\/?s={search_term_string}"},"query-input":{"@type":"PropertyValueSpecification","valueRequired":true,"valueName":"search_term_string"}}],"inLanguage":"de"},{"@type":"Organization","@id":"https:\/\/capetan.club\/el\/#organization","name":"Kapetan","url":"https:\/\/capetan.club\/el\/","logo":{"@type":"ImageObject","inLanguage":"de","@id":"https:\/\/capetan.club\/el\/#\/schema\/logo\/image\/","url":"https:\/\/capetan.club\/wp-content\/uploads\/2022\/03\/Badge.png","contentUrl":"https:\/\/capetan.club\/wp-content\/uploads\/2022\/03\/Badge.png","width":282,"height":282,"caption":"Capetan"},"image":{"@id":"https:\/\/capetan.club\/el\/#\/schema\/logo\/image\/"},"sameAs":["https:\/\/facebook.com\/capetan.club","https:\/\/www.instagram.com\/capetan.club\/"]}]}},"_links":{"self":[{"href":"https:\/\/capetan.club\/de\/wp-json\/wp\/v2\/pages\/25726","targetHints":{"allow":["GET"]}}],"collection":[{"href":"https:\/\/capetan.club\/de\/wp-json\/wp\/v2\/pages"}],"about":[{"href":"https:\/\/capetan.club\/de\/wp-json\/wp\/v2\/types\/page"}],"author":[{"embeddable":true,"href":"https:\/\/capetan.club\/de\/wp-json\/wp\/v2\/users\/2"}],"replies":[{"embeddable":true,"href":"https:\/\/capetan.club\/de\/wp-json\/wp\/v2\/comments?post=25726"}],"version-history":[{"count":0,"href":"https:\/\/capetan.club\/de\/wp-json\/wp\/v2\/pages\/25726\/revisions"}],"wp:attachment":[{"href":"https:\/\/capetan.club\/de\/wp-json\/wp\/v2\/media?parent=25726"}],"curies":[{"name":"wp","href":"https:\/\/api.w.org\/{rel}","templated":true}]}}