{"id":20263,"date":"2019-10-25T12:44:36","date_gmt":"2019-10-25T12:44:36","guid":{"rendered":"https:\/\/bridge285.qodeinteractive.com\/?page_id=3"},"modified":"2023-03-23T23:15:35","modified_gmt":"2023-03-23T21:15:35","slug":"privacy-policy","status":"publish","type":"page","link":"https:\/\/capetan.club\/de\/privacy-policy\/","title":{"rendered":"Datenschutzbestimmungen"},"content":{"rendered":"<p>SAIL ARMADA - DATENSCHUTZERKL\u00c4RUNG<br>Der Name \"Sail Armada\" bezieht sich sowohl auf das Unternehmen Sail Armada SRL als auch auf seine Marken Capetan.club und capetancharter.com. Sail Armada SRL ist in Rum\u00e4nien unter der Firmennummer CUI: 43792745, EUID: ROONRC J40\/3275\/2021 registriert. Wir verpflichten uns, Ihre Privatsph\u00e4re zu respektieren und Ihre pers\u00f6nlichen Daten sicher aufzubewahren. Dieser Datenschutzhinweis informiert Sie dar\u00fcber, was Sie erwarten k\u00f6nnen, wenn Sail Armada pers\u00f6nliche Informationen sammelt und deckt alle pers\u00f6nlichen Daten ab, die gesammelt werden. Insbesondere erfahren Sie hier, wie wir Ihre Daten verwenden.<\/p>\n\n\n\n<h3 class=\"wp-block-heading\" id=\"ui-id-1\">Wer sammelt Ihre Daten?<\/h3>\n\n\n\n<p>Der Betreiber, der Ihre pers\u00f6nlichen Daten sammelt, ist Sail Armada S.R.L. , mit Sitz in 119 Calea Vitan Street, mun. Bukarest, eingetragen im Handelsregister unter Nr. J40\/3275\/2021, mit CUI RO43792745, Inhaber der Tourismuslizenz Nr. 2418\/21.05.2021.<\/p>\n\n\n\n<h3 class=\"wp-block-heading\" id=\"ui-id-3\">Welche pers\u00f6nlichen Daten wir sammeln<\/h3>\n\n\n\n<p>Die Politik von Sail Armada S.R.L. in Bezug auf den Schutz und die Sicherheit personenbezogener Daten besteht darin, nur die f\u00fcr die genannten Zwecke erforderlichen personenbezogenen Daten zu erheben und die Betroffenen zu bitten, uns nur die personenbezogenen Daten mitzuteilen, die zur Erf\u00fcllung dieser Zwecke unbedingt erforderlich sind. Die Kategorien von pers\u00f6nlichen Daten (klassisch oder digital), die auf der Ebene von Sail Armada S.R.L. verarbeitet werden, sind die folgenden: Vor- und Nachname, Unterschrift, Foto-\/Videobilder, Kontaktdaten: pers\u00f6nliche\/gesch\u00e4ftliche Telefonnummer, E-Mail-Adresse, CI\/BI-Serie und -Nummer, Staatsangeh\u00f6rigkeit, Reisepassnummer, Geburtsdatum, Wohnort, Nahrungsmittelallergien, besondere medizinische Bedingungen, Nahrungsmittelunvertr\u00e4glichkeiten, Daten \u00fcber fr\u00fchere Segelerfahrung und\/oder Segelscheine.<\/p>\n\n\n\n<h3 class=\"wp-block-heading\" id=\"ui-id-5\">Wie Ihre Daten gesammelt werden<\/h3>\n\n\n\n<p>Diese Daten werden unter verschiedenen Umst\u00e4nden angefordert, wie z.B.: - wenn Sie die Rubrik \"Kontakt\" der Website benutzen - wenn Sie den CHAT auf der Website online oder offline benutzen - wenn Sie eine Anfrage, eine Reservierung oder den Kauf einer Dienstleistung auf unserer Website oder durch unser Team machen - wenn Sie sich f\u00fcr den Newsletter-Service oder verschiedene Wettbewerbe und Aktionen anmelden - wenn Sie sich bereit erkl\u00e4ren, an den verschiedenen Frageb\u00f6gen teilzunehmen, die von Sail Armada, als Betreiber der www.wenn Sie auf soziale Kommunikationskan\u00e4le zugreifen (Achtung: in diesen F\u00e4llen ist das Unternehmen nicht f\u00fcr die auf diese Weise angegebenen personenbezogenen Daten verantwortlich, da es sich bei dem Kanal um einen \u00f6ffentlichen Kommunikationskanal handelt) - Informationen, die Sie von Dritten erhalten, d. h. von Konzerngesellschaften, verbundenen Unternehmen, Gesch\u00e4ftspartnern oder Personen, die unsere Dienstleistungen in Ihrem Namen erwerben<\/p>\n\n\n\n<h3 class=\"wp-block-heading\" id=\"ui-id-7\">Anbieter von Dienstleistungen<\/h3>\n\n\n\n<p>Wir k\u00f6nnen Dienstleister (z. B. Direktmailing-Unternehmen, Marketing-Anbieter und Software-Plattform-Anbieter) in Anspruch nehmen, die uns bei der Bereitstellung unserer Dienste f\u00fcr Sie unterst\u00fctzen. Wir k\u00f6nnen den betreffenden Personen bei diesen Dienstleistern Zugang zu Ihren personenbezogenen Daten gew\u00e4hren, jedoch nur, um sie in die Lage zu versetzen, ihre Dienste f\u00fcr uns zu erbringen. Einige Dienstleister k\u00f6nnen ihren Sitz au\u00dferhalb des Europ\u00e4ischen Wirtschaftsraums (EWR) haben; wir werden uns jedoch bem\u00fchen, sicherzustellen, dass jede Daten\u00fcbermittlung au\u00dferhalb des EWR in \u00dcbereinstimmung mit den einschl\u00e4gigen Datenschutzgesetzen erfolgt und dass die Verarbeitung Ihrer Daten angemessenen Sicherheitsma\u00dfnahmen unterliegt. Da die Internet-Infrastruktur global ist und es nicht m\u00f6glich ist, die Wege vorherzusagen, die die von Ihnen \u00fcbermittelten Informationen nehmen werden, ist es m\u00f6glich, dass die von Ihnen zur Verf\u00fcgung gestellten Informationen vor\u00fcbergehend auf einem Weg au\u00dferhalb des Europ\u00e4ischen Wirtschaftsraums \u00fcbertragen werden. Mit der \u00dcbermittlung Ihrer Informationen stimmen Sie dieser \u00dcbertragung zu.<\/p>\n\n\n\n<h3 class=\"wp-block-heading\" id=\"ui-id-9\">Rechtliche Anforderungen<\/h3>\n\n\n\n<p>Wir k\u00f6nnen Ihre pers\u00f6nlichen Daten weitergeben, wenn dies gesetzlich vorgeschrieben ist, z. B. f\u00fcr Steuerzwecke oder an Strafverfolgungsbeh\u00f6rden zur Verhinderung oder Aufdeckung von Straftaten. Im Falle eines rechtswidrigen Angriffs auf die Datenbank dieser Website oder die Datenbank(en) eines unserer Drittverarbeiter werden wir den Angriff innerhalb von 72 Stunden nach seinem Auftreten allen zust\u00e4ndigen Beh\u00f6rden melden, wenn es offensichtlich ist, dass personenbezogene Daten, die in identifizierbarer Weise gespeichert wurden, gestohlen wurden.<\/p>\n\n\n\n<h3 class=\"wp-block-heading\" id=\"ui-id-11\">Wie wir Ihre Daten verwenden<\/h3>\n\n\n\n<p>Die Verarbeitung Ihrer personenbezogenen Daten ist erforderlich: - Um Ihnen einen hohen Servicestandard zu bieten und Ihnen zu helfen, die Ressourcen unserer Website optimal zu nutzen - Um einen Vertrag zu erf\u00fcllen, dessen Vertragspartei Sie sind, oder um auf Ihren Wunsch hin vor dem Abschluss eines Vertrags Ma\u00dfnahmen gem\u00e4\u00df Artikel 6 Absatz 1 zu ergreifen. 1 Buchstabe b) der DSGVO; - Zur Wahrung unserer berechtigten Interessen oder der eines Dritten, es sei denn, Ihre Interessen oder Grundrechte und -freiheiten \u00fcberwiegen, die den Schutz personenbezogener Daten erfordern, insbesondere wenn es sich bei der betroffenen Person um ein Kind handelt; - F\u00fcr die \u00d6ffentlichkeitsarbeit\/Werbung\/Verbreitung\/Medienberichterstattung \u00fcber die aktuelle T\u00e4tigkeit der Organisation bittet Sail Armada S.R.L. Sie um Ihre Einwilligung gem\u00e4\u00df Art. 6 Absatz. 1 Buchstabe a) der Datenschutz-Grundverordnung. Was die besondere Kategorie personenbezogener Daten (Allergien, besondere medizinische Bedingungen, Unvertr\u00e4glichkeiten) f\u00fcr Zwecke der Pr\u00e4ventivmedizin, der Erstellung einer medizinischen Diagnose, der Bereitstellung von medizinischer Hilfe oder medizinischer Behandlung betrifft, verarbeitet Sail Armada S.R.L. Ihre Daten gem\u00e4\u00df den Bestimmungen von Art. 9 Abs. (1). 2(b) der Datenschutz-Grundverordnung.<\/p>\n\n\n\n<h3 class=\"wp-block-heading\" id=\"ui-id-13\">Marketing-Kommunikation<\/h3>\n\n\n\n<p>Wenn Sie zustimmen, k\u00f6nnen wir Ihre pers\u00f6nlichen Daten verwenden, um Ihnen Marketingmitteilungen in Verbindung mit den folgenden Marketingaktivit\u00e4ten und -dienstleistungen zuzusenden: - Informationen \u00fcber Neuigkeiten, Produkte und andere Dienstleistungen - Gelegentlich k\u00f6nnen wir Ihnen Werbung f\u00fcr Waren oder Dienstleistungen von Drittunternehmen zusenden. Wir geben Ihre pers\u00f6nlichen Daten nicht an diese Drittunternehmen weiter. Sie k\u00f6nnen jederzeit entscheiden, ob Sie diese Informationen erhalten m\u00f6chten und Ihre Marketingpr\u00e4ferenzen aktualisieren. Von Zeit zu Zeit werden wir Sie auch kontaktieren, um Ihre Kommunikationspr\u00e4ferenzen zu aktualisieren.<\/p>\n\n\n\n<h3 class=\"wp-block-heading\" id=\"ui-id-15\">An wen k\u00f6nnen diese Informationen weitergegeben werden?<\/h3>\n\n\n\n<p>Ihre pers\u00f6nlichen Daten sind f\u00fcr die Verwendung durch Sail Armada S.R.L. bestimmt und werden gegebenenfalls an folgende Empf\u00e4nger weitergegeben: - an unsere Partner f\u00fcr touristische Dienstleistungen und werden nur zum Zweck Ihrer Buchungsanfrage verwendet; - an andere zentrale und lokale Institutionen\/Beh\u00f6rden im Rahmen des Gesetzes; - an die Gerichte zum Zweck der Rechtsverfolgung und der Vertretung vor Gericht; - im Rahmen der Organisation\/Durchf\u00fchrung von Veranstaltungen zum Zweck der Rechtfertigung; Die Weitergabe von Daten an Dritte erfolgt gem\u00e4\u00df den gesetzlichen Bestimmungen f\u00fcr die oben genannten Kategorien von Empf\u00e4ngern.<\/p>\n\n\n\n<h3 class=\"wp-block-heading\" id=\"ui-id-17\">\u00dcbertragung von Informationen<\/h3>\n\n\n\n<p>Sail Armada S.R.L. \u00fcbermittelt personenbezogene Daten an Drittl\u00e4nder oder internationale Organisationen. Daten wie Vorname \/ Nachname \/ Staatsangeh\u00f6rigkeit \/ Geburtsdatum \/ Passnummer \/ Serien- und Ausweisnummer k\u00f6nnen an staatliche Einrichtungen der L\u00e4nder, in denen die Veranstaltungen stattfinden, \u00fcbermittelt werden. Falls Sail Armada S.R.L. personenbezogene Daten an Drittl\u00e4nder oder internationale Organisationen weitergibt, werden Sie kontaktiert und ausf\u00fchrlich \u00fcber diese Verarbeitung in \u00dcbereinstimmung mit dem GDPR informiert.<\/p>\n\n\n\n<h3 class=\"wp-block-heading\" id=\"ui-id-19\">Wie lange werden personenbezogene Daten gespeichert?<\/h3>\n\n\n\n<p>Ihre pers\u00f6nlichen Daten werden wie folgt gespeichert: - F\u00fcr die laufende T\u00e4tigkeit, die darin besteht, Dienstleistungen anzubieten, werden die Daten f\u00fcr die Dauer des Vertrags und f\u00fcr weitere 5 Jahre nach dessen Beendigung gespeichert. F\u00fcr die \u00d6ffentlichkeitsarbeit \/ Werbung \/ Verbreitung \/ Medienberichterstattung \u00fcber die aktuelle T\u00e4tigkeit der Organisation, Organisation \/ Durchf\u00fchrung von Veranstaltungen, Einnahmen \/ Spenden \/ Sponsoring-Vertr\u00e4ge werden gem\u00e4\u00df der geltenden Gesetzgebung gespeichert. Die \u00fcbrigen Daten werden so lange gespeichert, wie es f\u00fcr die Erreichung der Zwecke, f\u00fcr die sie erhoben wurden, erforderlich ist, oder bis die Einwilligung widerrufen wird.<\/p>\n\n\n\n<h3 class=\"wp-block-heading\" id=\"ui-id-21\">Was geschieht, wenn Sie keine pers\u00f6nlichen Daten preisgeben wollen?<\/h3>\n\n\n\n<p>Die oben genannten personenbezogenen Daten sind erforderlich, damit wir Ihre Reservierungen bearbeiten k\u00f6nnen. Wir m\u00fcssen darauf hinweisen, dass es f\u00fcr uns unm\u00f6glich ist, Buchungen zu bearbeiten, die diese Pflichtangaben nicht enthalten. Wenn Sie uns diese personenbezogenen Daten nicht zur Verf\u00fcgung stellen m\u00f6chten, haben Sie das Recht, Ihre Reservierung jederzeit zu stornieren.<\/p>\n\n\n\n<h3 class=\"wp-block-heading\" id=\"ui-id-23\">Cookies<\/h3>\n\n\n\n<p>Um die Beziehung zwischen Sail Armada und Ihnen zu verbessern, verwenden wir Cookies, um Informationen \u00fcber Sie zu sammeln. Cookies sind kleine Dateien, die vor\u00fcbergehend auf dem Computer des Besuchers (des Nutzers unserer Website) gespeichert werden und Informationen \u00fcber diesen Nutzer enthalten, um ihn wiederzuerkennen und den sp\u00e4teren Zugriff auf diese Website zu erleichtern. Die meisten Internetbrowser akzeptieren Cookies, aber Sie k\u00f6nnen diese bestehenden Cookies in Ihrem Browser l\u00f6schen. Sie k\u00f6nnen auch bestimmte Einstellungen vornehmen, um den Empfang von Cookies in Zukunft zu blockieren. Um festzustellen, wie unsere Besucher auf unsere Website zugreifen, sammeln wir mit Hilfe dieser Cookies Informationen, die uns Aufschluss \u00fcber den Verkehr auf unserer Website und die beliebtesten Angebote geben und es uns erm\u00f6glichen, den Besucher durch Direktmarketingkampagnen mit den relevantesten Informationen zu versorgen. W\u00e4hrend dieses Prozesses werden keine pers\u00f6nlichen (pers\u00f6nlich identifizierbaren) Informationen gesammelt. Wenn Sie die Verwendung dieser Cookies ablehnen m\u00f6chten, schreiben Sie uns bitte an hello@sailarmada.com oder lesen Sie unsere ausf\u00fchrliche Cookie-Richtlinie.<\/p>\n\n\n\n<h3 class=\"wp-block-heading\" id=\"ui-id-25\">Abbestellen<\/h3>\n\n\n\n<p>Wenn Sie den Newsletter oder andere Informationen \u00fcber verschiedene Aktionen und Sonderangebote nicht mehr erhalten m\u00f6chten, senden Sie uns bitte eine E-Mail an hello@sailarmada.com oder melden Sie sich \u00fcber den Link im letzten Newsletter, den Sie erhalten haben, ab.<\/p>\n\n\n\n<h3 class=\"wp-block-heading\" id=\"ui-id-27\">Informationssicherheit<\/h3>\n\n\n\n<p>Wir befolgen strenge Sicherheitsverfahren hinsichtlich der Speicherung und Weitergabe von Informationen, die Sie uns zur Verf\u00fcgung gestellt haben. Damit soll verhindert werden, dass Unbefugte auf Ihre personenbezogenen Daten zugreifen oder sie unrechtm\u00e4\u00dfig verarbeiten. Wir behandeln Ihre Daten vertraulich und speichern sie auf einem sicheren, passwortgesch\u00fctzten Server, der hinter einer Firewall versteckt ist. Wir verwenden Secure Socket Layer (SSL)-Software, um alle Ihre pers\u00f6nlichen Daten, einschlie\u00dflich Ihres Namens und Ihrer Adresse, zu verschl\u00fcsseln.<\/p>\n\n\n\n<h3 class=\"wp-block-heading\" id=\"ui-id-29\">Ihre Rechte<\/h3>\n\n\n\n<p>Nach den geltenden Rechtsvorschriften haben Sie das Recht auf Auskunft, das Recht auf Berichtigung, das Recht auf L\u00f6schung der Daten, das Recht auf Einschr\u00e4nkung der Verarbeitung, das Recht auf Daten\u00fcbertragbarkeit, das Widerspruchsrecht und das Recht auf automatisierte Einzelentscheidung. Sie haben auch das Recht, eine Beschwerde bei der nationalen Aufsichtsbeh\u00f6rde f\u00fcr die Verarbeitung personenbezogener Daten (Bd. General Gheorghe Magheru 28-30, Sektor 1, Postleitzahl 010336, Bukarest, Rum\u00e4nien, Telefon: 031 805 92 11, E-Mail: anspdcp@dataprotection.ro), sowie das Recht, einen Rechtsbehelf einzulegen. Um Ihre Rechte auszu\u00fcben, wenden Sie sich bitte direkt an den Datenschutzbeauftragten von Sail Armada S.R.L. unter: hello@sailarmada.com oder schriftlich an den Hauptsitz Calea Vitan 119, Bucuresti, Rum\u00e4nien.<\/p>\n\n\n\n<h3 class=\"wp-block-heading\" id=\"ui-id-31\">\u00c4nderungen an unserer Datenschutzpolitik<\/h3>\n\n\n\n<p>Die Datenschutzrichtlinie kann von Zeit zu Zeit ge\u00e4ndert werden, um der Gesetzgebung zu entsprechen. Wir werden unsere Kunden oder Website-Nutzer nicht ausdr\u00fccklich \u00fcber diese \u00c4nderungen informieren. Wir empfehlen Ihnen stattdessen, diese Seite gelegentlich zu besuchen.<\/p>","protected":false},"excerpt":{"rendered":"<p>SAIL ARMADA &#8211; POLITICA DE CONFIDEN\u021aIALITATEDenumirea &#8222;Sail Armada&#8221; se va referi at\u00e2t la compania Sail Armada SRL, c\u00e2t \u0219i la marca sa comercial\u0103 Capetan.club \u0219i capetancharter.com. Sail Armada SRL este [&hellip;]<\/p>\n","protected":false},"author":1,"featured_media":0,"parent":0,"menu_order":0,"comment_status":"closed","ping_status":"open","template":"","meta":{"_eb_attr":"","inline_featured_image":false,"footnotes":""},"class_list":["post-20263","page","type-page","status-publish","hentry"],"yoast_head":"<!-- This site is optimized with the Yoast SEO Premium plugin v20.3 (Yoast SEO v26.9) - https:\/\/yoast.com\/product\/yoast-seo-premium-wordpress\/ -->\n<title>Privacy Policy | Capetan Club<\/title>\n<meta name=\"description\" content=\"Denumirea \u201eSail Armada\u201d se va referi at\u00e2t la compania Sail Armada SRL, c\u00e2t \u0219i la marca sa comercial\u0103 Capetan.club \u0219i capetancharter.com\" \/>\n<meta name=\"robots\" content=\"index, follow, max-snippet:-1, max-image-preview:large, max-video-preview:-1\" \/>\n<link rel=\"canonical\" href=\"https:\/\/capetan.club\/de\/privacy-policy\/\" \/>\n<meta property=\"og:locale\" content=\"de_DE\" \/>\n<meta property=\"og:type\" content=\"article\" \/>\n<meta property=\"og:title\" content=\"Privacy Policy\" \/>\n<meta property=\"og:description\" content=\"Denumirea \u201eSail Armada\u201d se va referi at\u00e2t la compania Sail Armada SRL, c\u00e2t \u0219i la marca sa comercial\u0103 Capetan.club \u0219i capetancharter.com\" \/>\n<meta property=\"og:url\" content=\"https:\/\/capetan.club\/de\/privacy-policy\/\" \/>\n<meta property=\"og:site_name\" content=\"Capetan Club\" \/>\n<meta property=\"article:publisher\" content=\"https:\/\/facebook.com\/capetan.club\" \/>\n<meta property=\"article:modified_time\" content=\"2023-03-23T21:15:35+00:00\" \/>\n<meta name=\"twitter:card\" content=\"summary_large_image\" \/>\n<meta name=\"twitter:label1\" content=\"Gesch\u00e4tzte Lesezeit\" \/>\n\t<meta name=\"twitter:data1\" content=\"9\u00a0Minuten\" \/>\n<script type=\"application\/ld+json\" class=\"yoast-schema-graph\">{\"@context\":\"https:\/\/schema.org\",\"@graph\":[{\"@type\":\"WebPage\",\"@id\":\"https:\/\/capetan.club\/privacy-policy\/\",\"url\":\"https:\/\/capetan.club\/privacy-policy\/\",\"name\":\"Privacy Policy | Capetan Club\",\"isPartOf\":{\"@id\":\"https:\/\/capetan.club\/el\/#website\"},\"datePublished\":\"2019-10-25T12:44:36+00:00\",\"dateModified\":\"2023-03-23T21:15:35+00:00\",\"description\":\"Denumirea \u201eSail Armada\u201d se va referi at\u00e2t la compania Sail Armada SRL, c\u00e2t \u0219i la marca sa comercial\u0103 Capetan.club \u0219i capetancharter.com\",\"breadcrumb\":{\"@id\":\"https:\/\/capetan.club\/privacy-policy\/#breadcrumb\"},\"inLanguage\":\"de\",\"potentialAction\":[{\"@type\":\"ReadAction\",\"target\":[\"https:\/\/capetan.club\/privacy-policy\/\"]}]},{\"@type\":\"BreadcrumbList\",\"@id\":\"https:\/\/capetan.club\/privacy-policy\/#breadcrumb\",\"itemListElement\":[{\"@type\":\"ListItem\",\"position\":1,\"name\":\"Home\",\"item\":\"https:\/\/capetan.club\/\"},{\"@type\":\"ListItem\",\"position\":2,\"name\":\"Privacy Policy\"}]},{\"@type\":\"WebSite\",\"@id\":\"https:\/\/capetan.club\/el\/#website\",\"url\":\"https:\/\/capetan.club\/el\/\",\"name\":\"Capetan Club\",\"description\":\"Skipers&#039; Elite\",\"publisher\":{\"@id\":\"https:\/\/capetan.club\/el\/#organization\"},\"potentialAction\":[{\"@type\":\"SearchAction\",\"target\":{\"@type\":\"EntryPoint\",\"urlTemplate\":\"https:\/\/capetan.club\/el\/?s={search_term_string}\"},\"query-input\":{\"@type\":\"PropertyValueSpecification\",\"valueRequired\":true,\"valueName\":\"search_term_string\"}}],\"inLanguage\":\"de\"},{\"@type\":\"Organization\",\"@id\":\"https:\/\/capetan.club\/el\/#organization\",\"name\":\"Capetan\",\"url\":\"https:\/\/capetan.club\/el\/\",\"logo\":{\"@type\":\"ImageObject\",\"inLanguage\":\"de\",\"@id\":\"https:\/\/capetan.club\/el\/#\/schema\/logo\/image\/\",\"url\":\"https:\/\/capetan.club\/wp-content\/uploads\/2022\/03\/Badge.png\",\"contentUrl\":\"https:\/\/capetan.club\/wp-content\/uploads\/2022\/03\/Badge.png\",\"width\":282,\"height\":282,\"caption\":\"Capetan\"},\"image\":{\"@id\":\"https:\/\/capetan.club\/el\/#\/schema\/logo\/image\/\"},\"sameAs\":[\"https:\/\/facebook.com\/capetan.club\",\"https:\/\/www.instagram.com\/capetan.club\/\"]}]}<\/script>\n<!-- \/ Yoast SEO Premium plugin. -->","yoast_head_json":{"title":"Datenschutzrichtlinie | Capetan Club","description":"Der Name \"Sail Armada\" bezieht sich sowohl auf das Unternehmen Sail Armada SRL als auch auf seine Marken Capetan.club und capetancharter.com","robots":{"index":"index","follow":"follow","max-snippet":"max-snippet:-1","max-image-preview":"max-image-preview:large","max-video-preview":"max-video-preview:-1"},"canonical":"https:\/\/capetan.club\/de\/privacy-policy\/","og_locale":"de_DE","og_type":"article","og_title":"Privacy Policy","og_description":"Denumirea \u201eSail Armada\u201d se va referi at\u00e2t la compania Sail Armada SRL, c\u00e2t \u0219i la marca sa comercial\u0103 Capetan.club \u0219i capetancharter.com","og_url":"https:\/\/capetan.club\/de\/privacy-policy\/","og_site_name":"Capetan Club","article_publisher":"https:\/\/facebook.com\/capetan.club","article_modified_time":"2023-03-23T21:15:35+00:00","twitter_card":"summary_large_image","twitter_misc":{"Gesch\u00e4tzte Lesezeit":"9\u00a0Minuten"},"schema":{"@context":"https:\/\/schema.org","@graph":[{"@type":"WebPage","@id":"https:\/\/capetan.club\/privacy-policy\/","url":"https:\/\/capetan.club\/privacy-policy\/","name":"Datenschutzrichtlinie | Capetan Club","isPartOf":{"@id":"https:\/\/capetan.club\/el\/#website"},"datePublished":"2019-10-25T12:44:36+00:00","dateModified":"2023-03-23T21:15:35+00:00","description":"Der Name \"Sail Armada\" bezieht sich sowohl auf das Unternehmen Sail Armada SRL als auch auf seine Marken Capetan.club und capetancharter.com","breadcrumb":{"@id":"https:\/\/capetan.club\/privacy-policy\/#breadcrumb"},"inLanguage":"de","potentialAction":[{"@type":"ReadAction","target":["https:\/\/capetan.club\/privacy-policy\/"]}]},{"@type":"BreadcrumbList","@id":"https:\/\/capetan.club\/privacy-policy\/#breadcrumb","itemListElement":[{"@type":"ListItem","position":1,"name":"Home","item":"https:\/\/capetan.club\/"},{"@type":"ListItem","position":2,"name":"Privacy Policy"}]},{"@type":"WebSite","@id":"https:\/\/capetan.club\/el\/#website","url":"https:\/\/capetan.club\/el\/","name":"Kapetanischer Club","description":"Skipers&#039; Elite","publisher":{"@id":"https:\/\/capetan.club\/el\/#organization"},"potentialAction":[{"@type":"SearchAction","target":{"@type":"EntryPoint","urlTemplate":"https:\/\/capetan.club\/el\/?s={search_term_string}"},"query-input":{"@type":"PropertyValueSpecification","valueRequired":true,"valueName":"search_term_string"}}],"inLanguage":"de"},{"@type":"Organization","@id":"https:\/\/capetan.club\/el\/#organization","name":"Kapetan","url":"https:\/\/capetan.club\/el\/","logo":{"@type":"ImageObject","inLanguage":"de","@id":"https:\/\/capetan.club\/el\/#\/schema\/logo\/image\/","url":"https:\/\/capetan.club\/wp-content\/uploads\/2022\/03\/Badge.png","contentUrl":"https:\/\/capetan.club\/wp-content\/uploads\/2022\/03\/Badge.png","width":282,"height":282,"caption":"Capetan"},"image":{"@id":"https:\/\/capetan.club\/el\/#\/schema\/logo\/image\/"},"sameAs":["https:\/\/facebook.com\/capetan.club","https:\/\/www.instagram.com\/capetan.club\/"]}]}},"_links":{"self":[{"href":"https:\/\/capetan.club\/de\/wp-json\/wp\/v2\/pages\/20263","targetHints":{"allow":["GET"]}}],"collection":[{"href":"https:\/\/capetan.club\/de\/wp-json\/wp\/v2\/pages"}],"about":[{"href":"https:\/\/capetan.club\/de\/wp-json\/wp\/v2\/types\/page"}],"author":[{"embeddable":true,"href":"https:\/\/capetan.club\/de\/wp-json\/wp\/v2\/users\/1"}],"replies":[{"embeddable":true,"href":"https:\/\/capetan.club\/de\/wp-json\/wp\/v2\/comments?post=20263"}],"version-history":[{"count":0,"href":"https:\/\/capetan.club\/de\/wp-json\/wp\/v2\/pages\/20263\/revisions"}],"wp:attachment":[{"href":"https:\/\/capetan.club\/de\/wp-json\/wp\/v2\/media?parent=20263"}],"curies":[{"name":"wp","href":"https:\/\/api.w.org\/{rel}","templated":true}]}}